{"id":2193,"date":"2023-01-16T14:09:53","date_gmt":"2023-01-16T14:09:53","guid":{"rendered":"https:\/\/denkss.com\/sobre-nosotros\/"},"modified":"2024-06-20T10:37:29","modified_gmt":"2024-06-20T10:37:29","slug":"sobre-nosotros","status":"publish","type":"page","link":"https:\/\/denkss.com\/es\/sobre-nosotros\/","title":{"rendered":"Sobre nosotros"},"content":{"rendered":"\t\t<div data-elementor-type=\"wp-page\" data-elementor-id=\"2193\" class=\"elementor elementor-2193 elementor-35\" data-elementor-post-type=\"page\">\n\t\t\t\t\t\t<section class=\"elementor-section elementor-top-section elementor-element elementor-element-81e67b9 elementor-section-boxed elementor-section-height-default elementor-section-height-default\" data-id=\"81e67b9\" data-element_type=\"section\" data-settings=\"{&quot;background_background&quot;:&quot;classic&quot;,&quot;jet_parallax_layout_list&quot;:[]}\">\n\t\t\t\t\t\t<div class=\"elementor-container elementor-column-gap-default\">\n\t\t\t\t\t<div class=\"elementor-column elementor-col-100 elementor-top-column elementor-element elementor-element-d19e2ec\" data-id=\"d19e2ec\" data-element_type=\"column\">\n\t\t\t<div class=\"elementor-widget-wrap elementor-element-populated\">\n\t\t\t\t\t\t<div class=\"elementor-element elementor-element-80d43ba elementor-widget elementor-widget-heading\" data-id=\"80d43ba\" data-element_type=\"widget\" data-widget_type=\"heading.default\">\n\t\t\t\t<div class=\"elementor-widget-container\">\n\t\t\t<style>\/*! elementor - v3.23.0 - 05-08-2024 *\/\n.elementor-heading-title{padding:0;margin:0;line-height:1}.elementor-widget-heading .elementor-heading-title[class*=elementor-size-]>a{color:inherit;font-size:inherit;line-height:inherit}.elementor-widget-heading .elementor-heading-title.elementor-size-small{font-size:15px}.elementor-widget-heading .elementor-heading-title.elementor-size-medium{font-size:19px}.elementor-widget-heading .elementor-heading-title.elementor-size-large{font-size:29px}.elementor-widget-heading .elementor-heading-title.elementor-size-xl{font-size:39px}.elementor-widget-heading .elementor-heading-title.elementor-size-xxl{font-size:59px}<\/style><h2 class=\"elementor-heading-title elementor-size-default\">Sobre nosotros<\/h2>\t\t<\/div>\n\t\t\t\t<\/div>\n\t\t\t\t<div class=\"elementor-element elementor-element-0d03934 elementor-widget elementor-widget-spacer\" data-id=\"0d03934\" data-element_type=\"widget\" data-widget_type=\"spacer.default\">\n\t\t\t\t<div class=\"elementor-widget-container\">\n\t\t\t<style>\/*! elementor - v3.23.0 - 05-08-2024 *\/\n.elementor-column .elementor-spacer-inner{height:var(--spacer-size)}.e-con{--container-widget-width:100%}.e-con-inner>.elementor-widget-spacer,.e-con>.elementor-widget-spacer{width:var(--container-widget-width,var(--spacer-size));--align-self:var(--container-widget-align-self,initial);--flex-shrink:0}.e-con-inner>.elementor-widget-spacer>.elementor-widget-container,.e-con>.elementor-widget-spacer>.elementor-widget-container{height:100%;width:100%}.e-con-inner>.elementor-widget-spacer>.elementor-widget-container>.elementor-spacer,.e-con>.elementor-widget-spacer>.elementor-widget-container>.elementor-spacer{height:100%}.e-con-inner>.elementor-widget-spacer>.elementor-widget-container>.elementor-spacer>.elementor-spacer-inner,.e-con>.elementor-widget-spacer>.elementor-widget-container>.elementor-spacer>.elementor-spacer-inner{height:var(--container-widget-height,var(--spacer-size))}.e-con-inner>.elementor-widget-spacer.elementor-widget-empty,.e-con>.elementor-widget-spacer.elementor-widget-empty{position:relative;min-height:22px;min-width:22px}.e-con-inner>.elementor-widget-spacer.elementor-widget-empty .elementor-widget-empty-icon,.e-con>.elementor-widget-spacer.elementor-widget-empty .elementor-widget-empty-icon{position:absolute;top:0;bottom:0;left:0;right:0;margin:auto;padding:0;width:22px;height:22px}<\/style>\t\t<div class=\"elementor-spacer\">\n\t\t\t<div class=\"elementor-spacer-inner\"><\/div>\n\t\t<\/div>\n\t\t\t\t<\/div>\n\t\t\t\t<\/div>\n\t\t\t\t<section class=\"elementor-section elementor-inner-section elementor-element elementor-element-1ea5d80 elementor-section-boxed elementor-section-height-default elementor-section-height-default\" data-id=\"1ea5d80\" data-element_type=\"section\" data-settings=\"{&quot;jet_parallax_layout_list&quot;:[]}\">\n\t\t\t\t\t\t<div class=\"elementor-container elementor-column-gap-default\">\n\t\t\t\t\t<div class=\"elementor-column elementor-col-50 elementor-inner-column elementor-element elementor-element-fc2f3e2\" data-id=\"fc2f3e2\" data-element_type=\"column\">\n\t\t\t<div class=\"elementor-widget-wrap elementor-element-populated\">\n\t\t\t\t\t\t<div class=\"elementor-element elementor-element-f20e571 elementor-widget elementor-widget-heading\" data-id=\"f20e571\" data-element_type=\"widget\" data-widget_type=\"heading.default\">\n\t\t\t\t<div class=\"elementor-widget-container\">\n\t\t\t<h1 class=\"elementor-heading-title elementor-size-default\">M\u00e1s de 20 a\u00f1os de experiencia creando y aplicando soluciones integradas de marketing para el sector inmobiliario, lugares y destinos.<\/h1>\t\t<\/div>\n\t\t\t\t<\/div>\n\t\t\t\t<div class=\"elementor-element elementor-element-fd1169f elementor-widget elementor-widget-spacer\" data-id=\"fd1169f\" data-element_type=\"widget\" data-widget_type=\"spacer.default\">\n\t\t\t\t<div class=\"elementor-widget-container\">\n\t\t\t\t\t<div class=\"elementor-spacer\">\n\t\t\t<div class=\"elementor-spacer-inner\"><\/div>\n\t\t<\/div>\n\t\t\t\t<\/div>\n\t\t\t\t<\/div>\n\t\t\t\t<div class=\"elementor-element elementor-element-6bee99f elementor-widget elementor-widget-image\" data-id=\"6bee99f\" data-element_type=\"widget\" data-widget_type=\"image.default\">\n\t\t\t\t<div class=\"elementor-widget-container\">\n\t\t\t<style>\/*! elementor - v3.23.0 - 05-08-2024 *\/\n.elementor-widget-image{text-align:center}.elementor-widget-image a{display:inline-block}.elementor-widget-image a img[src$=\".svg\"]{width:48px}.elementor-widget-image img{vertical-align:middle;display:inline-block}<\/style>\t\t\t\t\t\t\t\t\t\t<img decoding=\"async\" src=\"https:\/\/denkss.com\/wp-content\/uploads\/2024\/06\/IMG_2049_blanco-y-negro-1.jpg\" title=\"\" alt=\"\" loading=\"lazy\" \/>\t\t\t\t\t\t\t\t\t\t\t\t\t<\/div>\n\t\t\t\t<\/div>\n\t\t\t\t\t<\/div>\n\t\t<\/div>\n\t\t\t\t<div class=\"elementor-column elementor-col-50 elementor-inner-column elementor-element elementor-element-03b7662\" data-id=\"03b7662\" data-element_type=\"column\">\n\t\t\t<div class=\"elementor-widget-wrap elementor-element-populated\">\n\t\t\t\t\t\t<div class=\"elementor-element elementor-element-7c9fa32 elementor-widget elementor-widget-text-editor\" data-id=\"7c9fa32\" data-element_type=\"widget\" data-widget_type=\"text-editor.default\">\n\t\t\t\t<div class=\"elementor-widget-container\">\n\t\t\t<style>\/*! elementor - v3.23.0 - 05-08-2024 *\/\n.elementor-widget-text-editor.elementor-drop-cap-view-stacked .elementor-drop-cap{background-color:#69727d;color:#fff}.elementor-widget-text-editor.elementor-drop-cap-view-framed .elementor-drop-cap{color:#69727d;border:3px solid;background-color:transparent}.elementor-widget-text-editor:not(.elementor-drop-cap-view-default) .elementor-drop-cap{margin-top:8px}.elementor-widget-text-editor:not(.elementor-drop-cap-view-default) .elementor-drop-cap-letter{width:1em;height:1em}.elementor-widget-text-editor .elementor-drop-cap{float:left;text-align:center;line-height:1;font-size:50px}.elementor-widget-text-editor .elementor-drop-cap-letter{display:inline-block}<\/style>\t\t\t\t<div><div><p class=\"p1\">Nuestro equipo se compone de profesionales experimentados y una red externa de partners de confianza con experiencia solvente y know-how especializado.<\/p><p class=\"p1\">Creamos marca y conectamos con nuestros p\u00fablicos a trav\u00e9s de placemaking, el desarrollo de contenidos, los mensajes y la creatividad.<\/p><p class=\"p1\">Trabajando en equipo con promotores, arquitectos, interioristas y br\u00f3keres, definimos el posicionamiento para emblem\u00e1ticos proyectos inmobiliarios.<\/p><p class=\"p1\">Cada proyecto tiene una historia propia que contar, una colecci\u00f3n exclusiva de recursos visuales y un conjunto personalizado de herramientas de marketing con las que trabajar la estrategia comercial.<\/p><p class=\"p1\">Gestionamos y coordinamos proyectos internacionales en ingl\u00e9s, espa\u00f1ol y portugu\u00e9s desde la ciudad de Barcelona.<\/p><\/div><p>denkss\u00ae es el nombre comercial de denkanestudios, s.l.<\/p><\/div><div class=\"sp\">\u00a0<\/div>\t\t\t\t\t\t<\/div>\n\t\t\t\t<\/div>\n\t\t\t\t\t<\/div>\n\t\t<\/div>\n\t\t\t\t\t<\/div>\n\t\t<\/section>\n\t\t\t\t\t<\/div>\n\t\t<\/div>\n\t\t\t\t\t<\/div>\n\t\t<\/section>\n\t\t\t\t<section class=\"elementor-section elementor-top-section elementor-element elementor-element-15ec52e elementor-section-boxed elementor-section-height-default elementor-section-height-default\" data-id=\"15ec52e\" data-element_type=\"section\" data-settings=\"{&quot;background_background&quot;:&quot;classic&quot;,&quot;jet_parallax_layout_list&quot;:[]}\">\n\t\t\t\t\t\t<div class=\"elementor-container elementor-column-gap-default\">\n\t\t\t\t\t<div class=\"elementor-column elementor-col-100 elementor-top-column elementor-element elementor-element-a22cefd\" data-id=\"a22cefd\" data-element_type=\"column\">\n\t\t\t<div class=\"elementor-widget-wrap elementor-element-populated\">\n\t\t\t\t\t\t<div class=\"elementor-element elementor-element-17909cb elementor-widget-divider--view-line elementor-widget elementor-widget-divider\" data-id=\"17909cb\" data-element_type=\"widget\" data-widget_type=\"divider.default\">\n\t\t\t\t<div class=\"elementor-widget-container\">\n\t\t\t<style>\/*! elementor - v3.23.0 - 05-08-2024 *\/\n.elementor-widget-divider{--divider-border-style:none;--divider-border-width:1px;--divider-color:#0c0d0e;--divider-icon-size:20px;--divider-element-spacing:10px;--divider-pattern-height:24px;--divider-pattern-size:20px;--divider-pattern-url:none;--divider-pattern-repeat:repeat-x}.elementor-widget-divider .elementor-divider{display:flex}.elementor-widget-divider .elementor-divider__text{font-size:15px;line-height:1;max-width:95%}.elementor-widget-divider .elementor-divider__element{margin:0 var(--divider-element-spacing);flex-shrink:0}.elementor-widget-divider .elementor-icon{font-size:var(--divider-icon-size)}.elementor-widget-divider .elementor-divider-separator{display:flex;margin:0;direction:ltr}.elementor-widget-divider--view-line_icon .elementor-divider-separator,.elementor-widget-divider--view-line_text .elementor-divider-separator{align-items:center}.elementor-widget-divider--view-line_icon .elementor-divider-separator:after,.elementor-widget-divider--view-line_icon .elementor-divider-separator:before,.elementor-widget-divider--view-line_text .elementor-divider-separator:after,.elementor-widget-divider--view-line_text .elementor-divider-separator:before{display:block;content:\"\";border-block-end:0;flex-grow:1;border-block-start:var(--divider-border-width) var(--divider-border-style) var(--divider-color)}.elementor-widget-divider--element-align-left .elementor-divider .elementor-divider-separator>.elementor-divider__svg:first-of-type{flex-grow:0;flex-shrink:100}.elementor-widget-divider--element-align-left .elementor-divider-separator:before{content:none}.elementor-widget-divider--element-align-left .elementor-divider__element{margin-left:0}.elementor-widget-divider--element-align-right .elementor-divider .elementor-divider-separator>.elementor-divider__svg:last-of-type{flex-grow:0;flex-shrink:100}.elementor-widget-divider--element-align-right .elementor-divider-separator:after{content:none}.elementor-widget-divider--element-align-right .elementor-divider__element{margin-right:0}.elementor-widget-divider--element-align-start .elementor-divider .elementor-divider-separator>.elementor-divider__svg:first-of-type{flex-grow:0;flex-shrink:100}.elementor-widget-divider--element-align-start .elementor-divider-separator:before{content:none}.elementor-widget-divider--element-align-start .elementor-divider__element{margin-inline-start:0}.elementor-widget-divider--element-align-end .elementor-divider .elementor-divider-separator>.elementor-divider__svg:last-of-type{flex-grow:0;flex-shrink:100}.elementor-widget-divider--element-align-end .elementor-divider-separator:after{content:none}.elementor-widget-divider--element-align-end .elementor-divider__element{margin-inline-end:0}.elementor-widget-divider:not(.elementor-widget-divider--view-line_text):not(.elementor-widget-divider--view-line_icon) .elementor-divider-separator{border-block-start:var(--divider-border-width) var(--divider-border-style) var(--divider-color)}.elementor-widget-divider--separator-type-pattern{--divider-border-style:none}.elementor-widget-divider--separator-type-pattern.elementor-widget-divider--view-line .elementor-divider-separator,.elementor-widget-divider--separator-type-pattern:not(.elementor-widget-divider--view-line) .elementor-divider-separator:after,.elementor-widget-divider--separator-type-pattern:not(.elementor-widget-divider--view-line) .elementor-divider-separator:before,.elementor-widget-divider--separator-type-pattern:not([class*=elementor-widget-divider--view]) .elementor-divider-separator{width:100%;min-height:var(--divider-pattern-height);-webkit-mask-size:var(--divider-pattern-size) 100%;mask-size:var(--divider-pattern-size) 100%;-webkit-mask-repeat:var(--divider-pattern-repeat);mask-repeat:var(--divider-pattern-repeat);background-color:var(--divider-color);-webkit-mask-image:var(--divider-pattern-url);mask-image:var(--divider-pattern-url)}.elementor-widget-divider--no-spacing{--divider-pattern-size:auto}.elementor-widget-divider--bg-round{--divider-pattern-repeat:round}.rtl .elementor-widget-divider .elementor-divider__text{direction:rtl}.e-con-inner>.elementor-widget-divider,.e-con>.elementor-widget-divider{width:var(--container-widget-width,100%);--flex-grow:var(--container-widget-flex-grow)}<\/style>\t\t<div class=\"elementor-divider\">\n\t\t\t<span class=\"elementor-divider-separator\">\n\t\t\t\t\t\t<\/span>\n\t\t<\/div>\n\t\t\t\t<\/div>\n\t\t\t\t<\/div>\n\t\t\t\t\t<\/div>\n\t\t<\/div>\n\t\t\t\t\t<\/div>\n\t\t<\/section>\n\t\t\t\t<section class=\"elementor-section elementor-top-section elementor-element elementor-element-8883654 elementor-section-boxed elementor-section-height-default elementor-section-height-default\" data-id=\"8883654\" data-element_type=\"section\" data-settings=\"{&quot;background_background&quot;:&quot;classic&quot;,&quot;jet_parallax_layout_list&quot;:[]}\">\n\t\t\t\t\t\t<div class=\"elementor-container elementor-column-gap-default\">\n\t\t\t\t\t<div class=\"elementor-column elementor-col-100 elementor-top-column elementor-element elementor-element-cb9e0e1\" data-id=\"cb9e0e1\" data-element_type=\"column\">\n\t\t\t<div class=\"elementor-widget-wrap elementor-element-populated\">\n\t\t\t\t\t\t<div class=\"elementor-element elementor-element-8df6667 elementor-widget elementor-widget-heading\" data-id=\"8df6667\" data-element_type=\"widget\" data-widget_type=\"heading.default\">\n\t\t\t\t<div class=\"elementor-widget-container\">\n\t\t\t<h1 class=\"elementor-heading-title elementor-size-default\">Nuestros servicios\n<\/h1>\t\t<\/div>\n\t\t\t\t<\/div>\n\t\t\t\t<div class=\"elementor-element elementor-element-ec0126b elementor-widget elementor-widget-heading\" data-id=\"ec0126b\" data-element_type=\"widget\" data-widget_type=\"heading.default\">\n\t\t\t\t<div class=\"elementor-widget-container\">\n\t\t\t<h1 class=\"elementor-heading-title elementor-size-default\">Una gama completa de servicios de marketing y comunicaci\u00f3n para el sector inmobiliario, lugares y destinos.\n<\/h1>\t\t<\/div>\n\t\t\t\t<\/div>\n\t\t\t\t<div class=\"elementor-element elementor-element-9b783cc elementor-widget elementor-widget-text-editor\" data-id=\"9b783cc\" data-element_type=\"widget\" data-widget_type=\"text-editor.default\">\n\t\t\t\t<div class=\"elementor-widget-container\">\n\t\t\t\t\t\t\t<div class=\"sp\">\n<div class=\"inspectLayerContent block inspectRow\">\n<div class=\"content\">Branding \/ Marketing and communications strategy \/ Design of B2B and B2C marketing tools \/ Signage design \/ Video production Animation graphics \/ 3D Integration \/ Photography \/ Events \/ Website design and development \/ Digital marketing \/ Social media \/ Newsletters \/ Photo realistic 3D renders \/ 3D video \/ Environments \/ Stands<\/div>\n<\/div>\n<\/div>\n\t\t\t\t\t\t<\/div>\n\t\t\t\t<\/div>\n\t\t\t\t\t<\/div>\n\t\t<\/div>\n\t\t\t\t\t<\/div>\n\t\t<\/section>\n\t\t\t\t<\/div>\n\t\t","protected":false},"excerpt":{"rendered":"<p>Sobre nosotros M\u00e1s de 20 a\u00f1os de experiencia creando y aplicando soluciones integradas de marketing para el sector inmobiliario, lugares y destinos. Nuestro equipo se compone de profesionales experimentados y una red externa de partners de confianza con experiencia solvente y know-how especializado. Creamos marca y conectamos con nuestros p\u00fablicos a trav\u00e9s de placemaking, el [&hellip;]<\/p>\n","protected":false},"author":2,"featured_media":0,"parent":0,"menu_order":0,"comment_status":"closed","ping_status":"closed","template":"","meta":{"_acf_changed":false,"footnotes":""},"class_list":["post-2193","page","type-page","status-publish","hentry"],"acf":[],"yoast_head":"<!-- This site is optimized with the Yoast SEO plugin v23.4 - https:\/\/yoast.com\/wordpress\/plugins\/seo\/ -->\n<title>Agencia de marketing inmobiliario en Barcelona | denkss<\/title>\n<meta name=\"description\" content=\"Agencia de marketing inmobiliario en Barcelona. Somos especialistas en marketing y comunicaci\u00f3n para el sector inmobiliario y de destinos.\" \/>\n<meta name=\"robots\" content=\"index, follow, max-snippet:-1, max-image-preview:large, max-video-preview:-1\" \/>\n<link rel=\"canonical\" href=\"https:\/\/denkss.com\/es\/sobre-nosotros\/\" \/>\n<meta property=\"og:locale\" content=\"es_ES\" \/>\n<meta property=\"og:type\" content=\"article\" \/>\n<meta property=\"og:title\" content=\"Agencia de marketing inmobiliario en Barcelona | denkss\" \/>\n<meta property=\"og:description\" content=\"Agencia de marketing inmobiliario en Barcelona. Somos especialistas en marketing y comunicaci\u00f3n para el sector inmobiliario y de destinos.\" \/>\n<meta property=\"og:url\" content=\"https:\/\/denkss.com\/es\/sobre-nosotros\/\" \/>\n<meta property=\"og:site_name\" content=\"Denkss\" \/>\n<meta property=\"article:modified_time\" content=\"2024-06-20T10:37:29+00:00\" \/>\n<meta property=\"og:image\" content=\"https:\/\/denkss.com\/wp-content\/uploads\/elementor\/thumbs\/IMG_2049_blanco-y-negro-1-qpxn0usa1fcpmag1tp515sydf9sqwo9paf3ylbhbj4.jpg\" \/>\n<meta name=\"twitter:card\" content=\"summary_large_image\" \/>\n<meta name=\"twitter:label1\" content=\"Tiempo de lectura\" \/>\n\t<meta name=\"twitter:data1\" content=\"2 minutos\" \/>\n<script type=\"application\/ld+json\" class=\"yoast-schema-graph\">{\"@context\":\"https:\/\/schema.org\",\"@graph\":[{\"@type\":\"WebPage\",\"@id\":\"https:\/\/denkss.com\/es\/sobre-nosotros\/\",\"url\":\"https:\/\/denkss.com\/es\/sobre-nosotros\/\",\"name\":\"Agencia de marketing inmobiliario en Barcelona | denkss\",\"isPartOf\":{\"@id\":\"https:\/\/denkss.com\/#website\"},\"primaryImageOfPage\":{\"@id\":\"https:\/\/denkss.com\/es\/sobre-nosotros\/#primaryimage\"},\"image\":{\"@id\":\"https:\/\/denkss.com\/es\/sobre-nosotros\/#primaryimage\"},\"thumbnailUrl\":\"https:\/\/denkss.com\/wp-content\/uploads\/elementor\/thumbs\/IMG_2049_blanco-y-negro-1-qpxn0usa1fcpmag1tp515sydf9sqwo9paf3ylbhbj4.jpg\",\"datePublished\":\"2023-01-16T14:09:53+00:00\",\"dateModified\":\"2024-06-20T10:37:29+00:00\",\"description\":\"Agencia de marketing inmobiliario en Barcelona. Somos especialistas en marketing y comunicaci\u00f3n para el sector inmobiliario y de destinos.\",\"breadcrumb\":{\"@id\":\"https:\/\/denkss.com\/es\/sobre-nosotros\/#breadcrumb\"},\"inLanguage\":\"es\",\"potentialAction\":[{\"@type\":\"ReadAction\",\"target\":[\"https:\/\/denkss.com\/es\/sobre-nosotros\/\"]}]},{\"@type\":\"ImageObject\",\"inLanguage\":\"es\",\"@id\":\"https:\/\/denkss.com\/es\/sobre-nosotros\/#primaryimage\",\"url\":\"https:\/\/denkss.com\/wp-content\/uploads\/elementor\/thumbs\/IMG_2049_blanco-y-negro-1-qpxn0usa1fcpmag1tp515sydf9sqwo9paf3ylbhbj4.jpg\",\"contentUrl\":\"https:\/\/denkss.com\/wp-content\/uploads\/elementor\/thumbs\/IMG_2049_blanco-y-negro-1-qpxn0usa1fcpmag1tp515sydf9sqwo9paf3ylbhbj4.jpg\"},{\"@type\":\"BreadcrumbList\",\"@id\":\"https:\/\/denkss.com\/es\/sobre-nosotros\/#breadcrumb\",\"itemListElement\":[{\"@type\":\"ListItem\",\"position\":1,\"name\":\"Portada\",\"item\":\"https:\/\/denkss.com\/es\/\"},{\"@type\":\"ListItem\",\"position\":2,\"name\":\"Sobre nosotros\"}]},{\"@type\":\"WebSite\",\"@id\":\"https:\/\/denkss.com\/#website\",\"url\":\"https:\/\/denkss.com\/\",\"name\":\"Denkss\",\"description\":\"Dise\u00f1o y comunicaci\u00f3n para el sector inmobiliario\",\"publisher\":{\"@id\":\"https:\/\/denkss.com\/#organization\"},\"potentialAction\":[{\"@type\":\"SearchAction\",\"target\":{\"@type\":\"EntryPoint\",\"urlTemplate\":\"https:\/\/denkss.com\/?s={search_term_string}\"},\"query-input\":{\"@type\":\"PropertyValueSpecification\",\"valueRequired\":true,\"valueName\":\"search_term_string\"}}],\"inLanguage\":\"es\"},{\"@type\":\"Organization\",\"@id\":\"https:\/\/denkss.com\/#organization\",\"name\":\"Denkss\",\"url\":\"https:\/\/denkss.com\/\",\"logo\":{\"@type\":\"ImageObject\",\"inLanguage\":\"es\",\"@id\":\"https:\/\/denkss.com\/#\/schema\/logo\/image\/\",\"url\":\"https:\/\/denkss.com\/wp-content\/uploads\/2023\/01\/denkss-logo.svg\",\"contentUrl\":\"https:\/\/denkss.com\/wp-content\/uploads\/2023\/01\/denkss-logo.svg\",\"width\":263,\"height\":54,\"caption\":\"Denkss\"},\"image\":{\"@id\":\"https:\/\/denkss.com\/#\/schema\/logo\/image\/\"}}]}<\/script>\n<!-- \/ Yoast SEO plugin. -->","yoast_head_json":{"title":"Agencia de marketing inmobiliario en Barcelona | denkss","description":"Agencia de marketing inmobiliario en Barcelona. Somos especialistas en marketing y comunicaci\u00f3n para el sector inmobiliario y de destinos.","robots":{"index":"index","follow":"follow","max-snippet":"max-snippet:-1","max-image-preview":"max-image-preview:large","max-video-preview":"max-video-preview:-1"},"canonical":"https:\/\/denkss.com\/es\/sobre-nosotros\/","og_locale":"es_ES","og_type":"article","og_title":"Agencia de marketing inmobiliario en Barcelona | denkss","og_description":"Agencia de marketing inmobiliario en Barcelona. Somos especialistas en marketing y comunicaci\u00f3n para el sector inmobiliario y de destinos.","og_url":"https:\/\/denkss.com\/es\/sobre-nosotros\/","og_site_name":"Denkss","article_modified_time":"2024-06-20T10:37:29+00:00","og_image":[{"url":"https:\/\/denkss.com\/wp-content\/uploads\/elementor\/thumbs\/IMG_2049_blanco-y-negro-1-qpxn0usa1fcpmag1tp515sydf9sqwo9paf3ylbhbj4.jpg"}],"twitter_card":"summary_large_image","twitter_misc":{"Tiempo de lectura":"2 minutos"},"schema":{"@context":"https:\/\/schema.org","@graph":[{"@type":"WebPage","@id":"https:\/\/denkss.com\/es\/sobre-nosotros\/","url":"https:\/\/denkss.com\/es\/sobre-nosotros\/","name":"Agencia de marketing inmobiliario en Barcelona | denkss","isPartOf":{"@id":"https:\/\/denkss.com\/#website"},"primaryImageOfPage":{"@id":"https:\/\/denkss.com\/es\/sobre-nosotros\/#primaryimage"},"image":{"@id":"https:\/\/denkss.com\/es\/sobre-nosotros\/#primaryimage"},"thumbnailUrl":"https:\/\/denkss.com\/wp-content\/uploads\/elementor\/thumbs\/IMG_2049_blanco-y-negro-1-qpxn0usa1fcpmag1tp515sydf9sqwo9paf3ylbhbj4.jpg","datePublished":"2023-01-16T14:09:53+00:00","dateModified":"2024-06-20T10:37:29+00:00","description":"Agencia de marketing inmobiliario en Barcelona. Somos especialistas en marketing y comunicaci\u00f3n para el sector inmobiliario y de destinos.","breadcrumb":{"@id":"https:\/\/denkss.com\/es\/sobre-nosotros\/#breadcrumb"},"inLanguage":"es","potentialAction":[{"@type":"ReadAction","target":["https:\/\/denkss.com\/es\/sobre-nosotros\/"]}]},{"@type":"ImageObject","inLanguage":"es","@id":"https:\/\/denkss.com\/es\/sobre-nosotros\/#primaryimage","url":"https:\/\/denkss.com\/wp-content\/uploads\/elementor\/thumbs\/IMG_2049_blanco-y-negro-1-qpxn0usa1fcpmag1tp515sydf9sqwo9paf3ylbhbj4.jpg","contentUrl":"https:\/\/denkss.com\/wp-content\/uploads\/elementor\/thumbs\/IMG_2049_blanco-y-negro-1-qpxn0usa1fcpmag1tp515sydf9sqwo9paf3ylbhbj4.jpg"},{"@type":"BreadcrumbList","@id":"https:\/\/denkss.com\/es\/sobre-nosotros\/#breadcrumb","itemListElement":[{"@type":"ListItem","position":1,"name":"Portada","item":"https:\/\/denkss.com\/es\/"},{"@type":"ListItem","position":2,"name":"Sobre nosotros"}]},{"@type":"WebSite","@id":"https:\/\/denkss.com\/#website","url":"https:\/\/denkss.com\/","name":"Denkss","description":"Dise\u00f1o y comunicaci\u00f3n para el sector inmobiliario","publisher":{"@id":"https:\/\/denkss.com\/#organization"},"potentialAction":[{"@type":"SearchAction","target":{"@type":"EntryPoint","urlTemplate":"https:\/\/denkss.com\/?s={search_term_string}"},"query-input":{"@type":"PropertyValueSpecification","valueRequired":true,"valueName":"search_term_string"}}],"inLanguage":"es"},{"@type":"Organization","@id":"https:\/\/denkss.com\/#organization","name":"Denkss","url":"https:\/\/denkss.com\/","logo":{"@type":"ImageObject","inLanguage":"es","@id":"https:\/\/denkss.com\/#\/schema\/logo\/image\/","url":"https:\/\/denkss.com\/wp-content\/uploads\/2023\/01\/denkss-logo.svg","contentUrl":"https:\/\/denkss.com\/wp-content\/uploads\/2023\/01\/denkss-logo.svg","width":263,"height":54,"caption":"Denkss"},"image":{"@id":"https:\/\/denkss.com\/#\/schema\/logo\/image\/"}}]}},"_links":{"self":[{"href":"https:\/\/denkss.com\/es\/wp-json\/wp\/v2\/pages\/2193","targetHints":{"allow":["GET"]}}],"collection":[{"href":"https:\/\/denkss.com\/es\/wp-json\/wp\/v2\/pages"}],"about":[{"href":"https:\/\/denkss.com\/es\/wp-json\/wp\/v2\/types\/page"}],"author":[{"embeddable":true,"href":"https:\/\/denkss.com\/es\/wp-json\/wp\/v2\/users\/2"}],"replies":[{"embeddable":true,"href":"https:\/\/denkss.com\/es\/wp-json\/wp\/v2\/comments?post=2193"}],"version-history":[{"count":16,"href":"https:\/\/denkss.com\/es\/wp-json\/wp\/v2\/pages\/2193\/revisions"}],"predecessor-version":[{"id":2957,"href":"https:\/\/denkss.com\/es\/wp-json\/wp\/v2\/pages\/2193\/revisions\/2957"}],"wp:attachment":[{"href":"https:\/\/denkss.com\/es\/wp-json\/wp\/v2\/media?parent=2193"}],"curies":[{"name":"wp","href":"https:\/\/api.w.org\/{rel}","templated":true}]}}