{"id":2199,"date":"2023-01-16T13:56:59","date_gmt":"2023-01-16T13:56:59","guid":{"rendered":"https:\/\/denkss.com\/inicio\/"},"modified":"2024-10-17T09:06:56","modified_gmt":"2024-10-17T09:06:56","slug":"inicio","status":"publish","type":"page","link":"https:\/\/denkss.com\/es\/","title":{"rendered":"Inicio"},"content":{"rendered":"\t\t<div data-elementor-type=\"wp-page\" data-elementor-id=\"2199\" class=\"elementor elementor-2199 elementor-21\" data-elementor-post-type=\"page\">\n\t\t\t\t\t\t<section class=\"elementor-section elementor-top-section elementor-element elementor-element-8db5b3f elementor-section-full_width elementor-section-height-min-height elementor-section-items-stretch elementor-section-height-default\" data-id=\"8db5b3f\" data-element_type=\"section\" data-settings=\"{&quot;background_background&quot;:&quot;video&quot;,&quot;background_video_link&quot;:&quot;https:\\\/\\\/denkss.com\\\/wp-content\\\/uploads\\\/2023\\\/02\\\/property-marketing-agency.mp4&quot;,&quot;background_play_on_mobile&quot;:&quot;yes&quot;,&quot;jet_parallax_layout_list&quot;:[]}\">\n\t\t\t\t\t\t\t\t<div class=\"elementor-background-video-container\">\n\t\t\t\t\t\t\t\t\t\t\t\t\t<video class=\"elementor-background-video-hosted elementor-html5-video\" autoplay muted playsinline loop><\/video>\n\t\t\t\t\t\t\t\t\t\t\t<\/div>\n\t\t\t\t\t\t\t\t<div class=\"elementor-container elementor-column-gap-default\">\n\t\t\t\t\t<div class=\"elementor-column elementor-col-100 elementor-top-column elementor-element elementor-element-6428d7d\" data-id=\"6428d7d\" data-element_type=\"column\">\n\t\t\t<div class=\"elementor-widget-wrap\">\n\t\t\t\t\t\t\t<\/div>\n\t\t<\/div>\n\t\t\t\t\t<\/div>\n\t\t<\/section>\n\t\t\t\t<section class=\"elementor-section elementor-top-section elementor-element elementor-element-5cfa7cd elementor-section-boxed elementor-section-height-default elementor-section-height-default\" data-id=\"5cfa7cd\" data-element_type=\"section\" data-settings=\"{&quot;background_background&quot;:&quot;classic&quot;,&quot;jet_parallax_layout_list&quot;:[]}\">\n\t\t\t\t\t\t<div class=\"elementor-container elementor-column-gap-default\">\n\t\t\t\t\t<div class=\"elementor-column elementor-col-100 elementor-top-column elementor-element elementor-element-d27e198\" data-id=\"d27e198\" data-element_type=\"column\">\n\t\t\t<div class=\"elementor-widget-wrap elementor-element-populated\">\n\t\t\t\t\t\t<div class=\"elementor-element elementor-element-5d896d7 animated-slow elementor-invisible elementor-widget elementor-widget-heading\" data-id=\"5d896d7\" data-element_type=\"widget\" data-settings=\"{&quot;_animation&quot;:&quot;zoomIn&quot;}\" data-widget_type=\"heading.default\">\n\t\t\t\t<div class=\"elementor-widget-container\">\n\t\t\t<style>\/*! elementor - v3.23.0 - 05-08-2024 *\/\n.elementor-heading-title{padding:0;margin:0;line-height:1}.elementor-widget-heading .elementor-heading-title[class*=elementor-size-]>a{color:inherit;font-size:inherit;line-height:inherit}.elementor-widget-heading .elementor-heading-title.elementor-size-small{font-size:15px}.elementor-widget-heading .elementor-heading-title.elementor-size-medium{font-size:19px}.elementor-widget-heading .elementor-heading-title.elementor-size-large{font-size:29px}.elementor-widget-heading .elementor-heading-title.elementor-size-xl{font-size:39px}.elementor-widget-heading .elementor-heading-title.elementor-size-xxl{font-size:59px}<\/style><h1 class=\"elementor-heading-title elementor-size-default\">Somos denkss: una agencia creativa especializada en marketing para el sector inmobiliario\n<\/h1>\t\t<\/div>\n\t\t\t\t<\/div>\n\t\t\t\t\t<\/div>\n\t\t<\/div>\n\t\t\t\t\t<\/div>\n\t\t<\/section>\n\t\t\t\t<section class=\"elementor-section elementor-top-section elementor-element elementor-element-c88dc26 elementor-section-boxed elementor-section-height-default elementor-section-height-default\" data-id=\"c88dc26\" data-element_type=\"section\" data-settings=\"{&quot;jet_parallax_layout_list&quot;:[],&quot;background_background&quot;:&quot;classic&quot;}\">\n\t\t\t\t\t\t<div class=\"elementor-container elementor-column-gap-extended\">\n\t\t\t\t\t<div class=\"elementor-column elementor-col-33 elementor-top-column elementor-element elementor-element-710dc0c animated-slow elementor-invisible\" data-id=\"710dc0c\" data-element_type=\"column\" data-settings=\"{&quot;animation&quot;:&quot;fadeInUp&quot;}\">\n\t\t\t<div class=\"elementor-widget-wrap elementor-element-populated\">\n\t\t\t\t\t\t<div class=\"elementor-element elementor-element-168638a elementor-widget elementor-widget-heading\" data-id=\"168638a\" data-element_type=\"widget\" data-widget_type=\"heading.default\">\n\t\t\t\t<div class=\"elementor-widget-container\">\n\t\t\t<h3 class=\"elementor-heading-title elementor-size-default\">Inmobiliario<\/h3>\t\t<\/div>\n\t\t\t\t<\/div>\n\t\t\t\t<div class=\"elementor-element elementor-element-5f68b4b elementor-widget elementor-widget-text-editor\" data-id=\"5f68b4b\" data-element_type=\"widget\" data-widget_type=\"text-editor.default\">\n\t\t\t\t<div class=\"elementor-widget-container\">\n\t\t\t<style>\/*! elementor - v3.23.0 - 05-08-2024 *\/\n.elementor-widget-text-editor.elementor-drop-cap-view-stacked .elementor-drop-cap{background-color:#69727d;color:#fff}.elementor-widget-text-editor.elementor-drop-cap-view-framed .elementor-drop-cap{color:#69727d;border:3px solid;background-color:transparent}.elementor-widget-text-editor:not(.elementor-drop-cap-view-default) .elementor-drop-cap{margin-top:8px}.elementor-widget-text-editor:not(.elementor-drop-cap-view-default) .elementor-drop-cap-letter{width:1em;height:1em}.elementor-widget-text-editor .elementor-drop-cap{float:left;text-align:center;line-height:1;font-size:50px}.elementor-widget-text-editor .elementor-drop-cap-letter{display:inline-block}<\/style>\t\t\t\t<p class=\"p1\">Entendemos el mundo inmobiliario. Trabajamos cada d\u00eda con fondos de inversi\u00f3n, destacadas promotoras, intermediarios y oficinas de transformaci\u00f3n urbana en proyectos emblem\u00e1ticos: parques empresariales, centros comerciales, hoteles, log\u00edstica y promociones residenciales y de \u00abliving\u00bb.<\/p>\t\t\t\t\t\t<\/div>\n\t\t\t\t<\/div>\n\t\t\t\t\t<\/div>\n\t\t<\/div>\n\t\t\t\t<div class=\"elementor-column elementor-col-33 elementor-top-column elementor-element elementor-element-3bacaac animated-slow elementor-invisible\" data-id=\"3bacaac\" data-element_type=\"column\" data-settings=\"{&quot;animation&quot;:&quot;fadeInUp&quot;}\">\n\t\t\t<div class=\"elementor-widget-wrap elementor-element-populated\">\n\t\t\t\t\t\t<div class=\"elementor-element elementor-element-a0f9edc elementor-widget elementor-widget-heading\" data-id=\"a0f9edc\" data-element_type=\"widget\" data-widget_type=\"heading.default\">\n\t\t\t\t<div class=\"elementor-widget-container\">\n\t\t\t<h3 class=\"elementor-heading-title elementor-size-default\">Lugares<\/h3>\t\t<\/div>\n\t\t\t\t<\/div>\n\t\t\t\t<div class=\"elementor-element elementor-element-d87f5fc elementor-widget elementor-widget-text-editor\" data-id=\"d87f5fc\" data-element_type=\"widget\" data-widget_type=\"text-editor.default\">\n\t\t\t\t<div class=\"elementor-widget-container\">\n\t\t\t\t\t\t\t<p class=\"p1\"><span class=\"s1\">M\u00e1s que en la ubicaci\u00f3n<\/span>, nos centramos en las comunidades, los activos, los servicios, la cultura y el estilo de vida. Reimaginamos espacio p\u00fablico en centros comerciales y lo reconectamos con su p\u00fablico, y desarrollamos los hilos narrativos para nuevos campus de oficinas o complejos residenciales.<\/p>\t\t\t\t\t\t<\/div>\n\t\t\t\t<\/div>\n\t\t\t\t\t<\/div>\n\t\t<\/div>\n\t\t\t\t<div class=\"elementor-column elementor-col-33 elementor-top-column elementor-element elementor-element-7ebb574 animated-slow elementor-invisible\" data-id=\"7ebb574\" data-element_type=\"column\" data-settings=\"{&quot;animation&quot;:&quot;fadeInUp&quot;}\">\n\t\t\t<div class=\"elementor-widget-wrap elementor-element-populated\">\n\t\t\t\t\t\t<div class=\"elementor-element elementor-element-2ac6209 elementor-widget elementor-widget-heading\" data-id=\"2ac6209\" data-element_type=\"widget\" data-widget_type=\"heading.default\">\n\t\t\t\t<div class=\"elementor-widget-container\">\n\t\t\t<h3 class=\"elementor-heading-title elementor-size-default\">Destinos<\/h3>\t\t<\/div>\n\t\t\t\t<\/div>\n\t\t\t\t<div class=\"elementor-element elementor-element-d392645 elementor-widget elementor-widget-text-editor\" data-id=\"d392645\" data-element_type=\"widget\" data-widget_type=\"text-editor.default\">\n\t\t\t\t<div class=\"elementor-widget-container\">\n\t\t\t\t\t\t\t<p class=\"p1\">Trabajamos con ciudades, regiones y proyectos estrat\u00e9gicos de regeneraci\u00f3n urbana para atraer inversi\u00f3n internacional, promotores y usuarios finales. Para el mercado de consumo desarrollamos marcas y dise\u00f1amos el material de marketing para impulsar las visitas, el gasto en hosteler\u00eda o la inversi\u00f3n inmobiliaria.<span class=\"Apple-converted-space\">     <\/span><\/p>\n\t\t\t\t\t\t<\/div>\n\t\t\t\t<\/div>\n\t\t\t\t\t<\/div>\n\t\t<\/div>\n\t\t\t\t\t<\/div>\n\t\t<\/section>\n\t\t\t\t<section class=\"elementor-section elementor-top-section elementor-element elementor-element-0b7f5a7 elementor-section-boxed elementor-section-height-default elementor-section-height-default\" data-id=\"0b7f5a7\" data-element_type=\"section\" data-settings=\"{&quot;background_background&quot;:&quot;classic&quot;,&quot;jet_parallax_layout_list&quot;:[]}\">\n\t\t\t\t\t\t<div class=\"elementor-container elementor-column-gap-default\">\n\t\t\t\t\t<div class=\"elementor-column elementor-col-100 elementor-top-column elementor-element elementor-element-055a69d\" data-id=\"055a69d\" data-element_type=\"column\">\n\t\t\t<div class=\"elementor-widget-wrap elementor-element-populated\">\n\t\t\t\t\t\t<div class=\"elementor-element elementor-element-316d187 animated-slow elementor-invisible elementor-widget elementor-widget-heading\" data-id=\"316d187\" data-element_type=\"widget\" data-settings=\"{&quot;_animation&quot;:&quot;zoomIn&quot;}\" data-widget_type=\"heading.default\">\n\t\t\t\t<div class=\"elementor-widget-container\">\n\t\t\t<h2 class=\"elementor-heading-title elementor-size-default\">Una selecci\u00f3n de nuestros trabajos m\u00e1s recientes en el sector inmobiliario<\/h2>\t\t<\/div>\n\t\t\t\t<\/div>\n\t\t\t\t\t<\/div>\n\t\t<\/div>\n\t\t\t\t\t<\/div>\n\t\t<\/section>\n\t\t\t\t<section class=\"elementor-section elementor-top-section elementor-element elementor-element-a13e1c7 elementor-section-full_width elementor-section-height-default elementor-section-height-default\" data-id=\"a13e1c7\" data-element_type=\"section\" data-settings=\"{&quot;background_background&quot;:&quot;classic&quot;,&quot;jet_parallax_layout_list&quot;:[]}\">\n\t\t\t\t\t\t<div class=\"elementor-container elementor-column-gap-no\">\n\t\t\t\t\t<div class=\"elementor-column elementor-col-100 elementor-top-column elementor-element elementor-element-210536c\" data-id=\"210536c\" data-element_type=\"column\">\n\t\t\t<div class=\"elementor-widget-wrap elementor-element-populated\">\n\t\t\t\t\t\t<div class=\"elementor-element elementor-element-c060c9d elementor-grid-2 elementor-grid-tablet-2 elementor-grid-mobile-1 elementor-widget elementor-widget-loop-grid\" data-id=\"c060c9d\" data-element_type=\"widget\" data-settings=\"{&quot;template_id&quot;:2799,&quot;row_gap&quot;:{&quot;unit&quot;:&quot;px&quot;,&quot;size&quot;:0,&quot;sizes&quot;:[]},&quot;columns&quot;:2,&quot;masonry&quot;:&quot;yes&quot;,&quot;_skin&quot;:&quot;post&quot;,&quot;columns_tablet&quot;:&quot;2&quot;,&quot;columns_mobile&quot;:&quot;1&quot;,&quot;edit_handle_selector&quot;:&quot;[data-elementor-type=\\&quot;loop-item\\&quot;]&quot;,&quot;row_gap_widescreen&quot;:{&quot;unit&quot;:&quot;px&quot;,&quot;size&quot;:&quot;&quot;,&quot;sizes&quot;:[]},&quot;row_gap_laptop&quot;:{&quot;unit&quot;:&quot;px&quot;,&quot;size&quot;:&quot;&quot;,&quot;sizes&quot;:[]},&quot;row_gap_tablet&quot;:{&quot;unit&quot;:&quot;px&quot;,&quot;size&quot;:&quot;&quot;,&quot;sizes&quot;:[]},&quot;row_gap_mobile&quot;:{&quot;unit&quot;:&quot;px&quot;,&quot;size&quot;:&quot;&quot;,&quot;sizes&quot;:[]}}\" data-widget_type=\"loop-grid.post\">\n\t\t\t\t<div class=\"elementor-widget-container\">\n\t\t\t<link rel=\"stylesheet\" href=\"https:\/\/denkss.com\/wp-content\/plugins\/elementor-pro\/assets\/css\/widget-loop-builder.min.css?ver=1725378668\">\t\t<div class=\"e-loop-nothing-found-message\">\n\t\t<\/div>\n\t\t\t\t<\/div>\n\t\t\t\t<\/div>\n\t\t\t\t\t<\/div>\n\t\t<\/div>\n\t\t\t\t\t<\/div>\n\t\t<\/section>\n\t\t\t\t<\/div>\n\t\t","protected":false},"excerpt":{"rendered":"<p>Somos denkss: una agencia creativa especializada en marketing para el sector inmobiliario Inmobiliario Entendemos el mundo inmobiliario. Trabajamos cada d\u00eda con fondos de inversi\u00f3n, destacadas promotoras, intermediarios y oficinas de transformaci\u00f3n urbana en proyectos emblem\u00e1ticos: parques empresariales, centros comerciales, hoteles, log\u00edstica y promociones residenciales y de \u00abliving\u00bb. Lugares M\u00e1s que en la ubicaci\u00f3n, nos centramos [&hellip;]<\/p>\n","protected":false},"author":2,"featured_media":0,"parent":0,"menu_order":0,"comment_status":"closed","ping_status":"closed","template":"","meta":{"_acf_changed":false,"footnotes":""},"class_list":["post-2199","page","type-page","status-publish","hentry"],"acf":[],"yoast_head":"<!-- This site is optimized with the Yoast SEO plugin v23.4 - https:\/\/yoast.com\/wordpress\/plugins\/seo\/ -->\n<title>Agencia creativa de marketing inmobiliario en Barcelona | Denkss<\/title>\n<meta name=\"description\" content=\"Agencia creativa de marketing inmobiliario en Barcelona. \u00a1Somos Denkss! Entendemos el mundo inmobiliario. Cont\u00e1ctanos.\" \/>\n<meta name=\"robots\" content=\"index, follow, max-snippet:-1, max-image-preview:large, max-video-preview:-1\" \/>\n<link rel=\"canonical\" href=\"https:\/\/denkss.com\/es\/\" \/>\n<meta property=\"og:locale\" content=\"es_ES\" \/>\n<meta property=\"og:type\" content=\"article\" \/>\n<meta property=\"og:title\" content=\"Agencia creativa de marketing inmobiliario en Barcelona | Denkss\" \/>\n<meta property=\"og:description\" content=\"Agencia creativa de marketing inmobiliario en Barcelona. \u00a1Somos Denkss! Entendemos el mundo inmobiliario. Cont\u00e1ctanos.\" \/>\n<meta property=\"og:url\" content=\"https:\/\/denkss.com\/es\/\" \/>\n<meta property=\"og:site_name\" content=\"Denkss\" \/>\n<meta property=\"article:modified_time\" content=\"2024-10-17T09:06:56+00:00\" \/>\n<meta name=\"twitter:card\" content=\"summary_large_image\" \/>\n<meta name=\"twitter:label1\" content=\"Tiempo de lectura\" \/>\n\t<meta name=\"twitter:data1\" content=\"1 minuto\" \/>\n<script type=\"application\/ld+json\" class=\"yoast-schema-graph\">{\"@context\":\"https:\/\/schema.org\",\"@graph\":[{\"@type\":\"WebPage\",\"@id\":\"https:\/\/denkss.com\/es\/\",\"url\":\"https:\/\/denkss.com\/es\/\",\"name\":\"Agencia creativa de marketing inmobiliario en Barcelona | Denkss\",\"isPartOf\":{\"@id\":\"https:\/\/denkss.com\/#website\"},\"datePublished\":\"2023-01-16T13:56:59+00:00\",\"dateModified\":\"2024-10-17T09:06:56+00:00\",\"description\":\"Agencia creativa de marketing inmobiliario en Barcelona. \u00a1Somos Denkss! Entendemos el mundo inmobiliario. Cont\u00e1ctanos.\",\"breadcrumb\":{\"@id\":\"https:\/\/denkss.com\/es\/#breadcrumb\"},\"inLanguage\":\"es\",\"potentialAction\":[{\"@type\":\"ReadAction\",\"target\":[\"https:\/\/denkss.com\/es\/\"]}]},{\"@type\":\"BreadcrumbList\",\"@id\":\"https:\/\/denkss.com\/es\/#breadcrumb\",\"itemListElement\":[{\"@type\":\"ListItem\",\"position\":1,\"name\":\"Portada\",\"item\":\"https:\/\/denkss.com\/es\/\"},{\"@type\":\"ListItem\",\"position\":2,\"name\":\"Inicio\"}]},{\"@type\":\"WebSite\",\"@id\":\"https:\/\/denkss.com\/#website\",\"url\":\"https:\/\/denkss.com\/\",\"name\":\"Denkss\",\"description\":\"Dise\u00f1o y comunicaci\u00f3n para el sector inmobiliario\",\"publisher\":{\"@id\":\"https:\/\/denkss.com\/#organization\"},\"potentialAction\":[{\"@type\":\"SearchAction\",\"target\":{\"@type\":\"EntryPoint\",\"urlTemplate\":\"https:\/\/denkss.com\/?s={search_term_string}\"},\"query-input\":{\"@type\":\"PropertyValueSpecification\",\"valueRequired\":true,\"valueName\":\"search_term_string\"}}],\"inLanguage\":\"es\"},{\"@type\":\"Organization\",\"@id\":\"https:\/\/denkss.com\/#organization\",\"name\":\"Denkss\",\"url\":\"https:\/\/denkss.com\/\",\"logo\":{\"@type\":\"ImageObject\",\"inLanguage\":\"es\",\"@id\":\"https:\/\/denkss.com\/#\/schema\/logo\/image\/\",\"url\":\"https:\/\/denkss.com\/wp-content\/uploads\/2023\/01\/denkss-logo.svg\",\"contentUrl\":\"https:\/\/denkss.com\/wp-content\/uploads\/2023\/01\/denkss-logo.svg\",\"width\":263,\"height\":54,\"caption\":\"Denkss\"},\"image\":{\"@id\":\"https:\/\/denkss.com\/#\/schema\/logo\/image\/\"}}]}<\/script>\n<!-- \/ Yoast SEO plugin. -->","yoast_head_json":{"title":"Agencia creativa de marketing inmobiliario en Barcelona | Denkss","description":"Agencia creativa de marketing inmobiliario en Barcelona. \u00a1Somos Denkss! Entendemos el mundo inmobiliario. Cont\u00e1ctanos.","robots":{"index":"index","follow":"follow","max-snippet":"max-snippet:-1","max-image-preview":"max-image-preview:large","max-video-preview":"max-video-preview:-1"},"canonical":"https:\/\/denkss.com\/es\/","og_locale":"es_ES","og_type":"article","og_title":"Agencia creativa de marketing inmobiliario en Barcelona | Denkss","og_description":"Agencia creativa de marketing inmobiliario en Barcelona. \u00a1Somos Denkss! Entendemos el mundo inmobiliario. Cont\u00e1ctanos.","og_url":"https:\/\/denkss.com\/es\/","og_site_name":"Denkss","article_modified_time":"2024-10-17T09:06:56+00:00","twitter_card":"summary_large_image","twitter_misc":{"Tiempo de lectura":"1 minuto"},"schema":{"@context":"https:\/\/schema.org","@graph":[{"@type":"WebPage","@id":"https:\/\/denkss.com\/es\/","url":"https:\/\/denkss.com\/es\/","name":"Agencia creativa de marketing inmobiliario en Barcelona | Denkss","isPartOf":{"@id":"https:\/\/denkss.com\/#website"},"datePublished":"2023-01-16T13:56:59+00:00","dateModified":"2024-10-17T09:06:56+00:00","description":"Agencia creativa de marketing inmobiliario en Barcelona. \u00a1Somos Denkss! Entendemos el mundo inmobiliario. Cont\u00e1ctanos.","breadcrumb":{"@id":"https:\/\/denkss.com\/es\/#breadcrumb"},"inLanguage":"es","potentialAction":[{"@type":"ReadAction","target":["https:\/\/denkss.com\/es\/"]}]},{"@type":"BreadcrumbList","@id":"https:\/\/denkss.com\/es\/#breadcrumb","itemListElement":[{"@type":"ListItem","position":1,"name":"Portada","item":"https:\/\/denkss.com\/es\/"},{"@type":"ListItem","position":2,"name":"Inicio"}]},{"@type":"WebSite","@id":"https:\/\/denkss.com\/#website","url":"https:\/\/denkss.com\/","name":"Denkss","description":"Dise\u00f1o y comunicaci\u00f3n para el sector inmobiliario","publisher":{"@id":"https:\/\/denkss.com\/#organization"},"potentialAction":[{"@type":"SearchAction","target":{"@type":"EntryPoint","urlTemplate":"https:\/\/denkss.com\/?s={search_term_string}"},"query-input":{"@type":"PropertyValueSpecification","valueRequired":true,"valueName":"search_term_string"}}],"inLanguage":"es"},{"@type":"Organization","@id":"https:\/\/denkss.com\/#organization","name":"Denkss","url":"https:\/\/denkss.com\/","logo":{"@type":"ImageObject","inLanguage":"es","@id":"https:\/\/denkss.com\/#\/schema\/logo\/image\/","url":"https:\/\/denkss.com\/wp-content\/uploads\/2023\/01\/denkss-logo.svg","contentUrl":"https:\/\/denkss.com\/wp-content\/uploads\/2023\/01\/denkss-logo.svg","width":263,"height":54,"caption":"Denkss"},"image":{"@id":"https:\/\/denkss.com\/#\/schema\/logo\/image\/"}}]}},"_links":{"self":[{"href":"https:\/\/denkss.com\/es\/wp-json\/wp\/v2\/pages\/2199","targetHints":{"allow":["GET"]}}],"collection":[{"href":"https:\/\/denkss.com\/es\/wp-json\/wp\/v2\/pages"}],"about":[{"href":"https:\/\/denkss.com\/es\/wp-json\/wp\/v2\/types\/page"}],"author":[{"embeddable":true,"href":"https:\/\/denkss.com\/es\/wp-json\/wp\/v2\/users\/2"}],"replies":[{"embeddable":true,"href":"https:\/\/denkss.com\/es\/wp-json\/wp\/v2\/comments?post=2199"}],"version-history":[{"count":39,"href":"https:\/\/denkss.com\/es\/wp-json\/wp\/v2\/pages\/2199\/revisions"}],"predecessor-version":[{"id":3903,"href":"https:\/\/denkss.com\/es\/wp-json\/wp\/v2\/pages\/2199\/revisions\/3903"}],"wp:attachment":[{"href":"https:\/\/denkss.com\/es\/wp-json\/wp\/v2\/media?parent=2199"}],"curies":[{"name":"wp","href":"https:\/\/api.w.org\/{rel}","templated":true}]}}