{"id":2263,"date":"2023-01-17T10:29:58","date_gmt":"2023-01-17T10:29:58","guid":{"rendered":"https:\/\/denkss.com\/cookies-policy\/"},"modified":"2024-10-02T08:26:54","modified_gmt":"2024-10-02T08:26:54","slug":"politica-de-cookies","status":"publish","type":"page","link":"https:\/\/denkss.com\/es\/politica-de-cookies\/","title":{"rendered":"Pol\u00edtica de Cookies"},"content":{"rendered":"\t\t<div data-elementor-type=\"wp-page\" data-elementor-id=\"2263\" class=\"elementor elementor-2263 elementor-109\" data-elementor-post-type=\"page\">\n\t\t\t\t\t\t<section class=\"elementor-section elementor-top-section elementor-element elementor-element-e463d6f elementor-section-boxed elementor-section-height-default elementor-section-height-default\" data-id=\"e463d6f\" data-element_type=\"section\" data-settings=\"{&quot;background_background&quot;:&quot;classic&quot;,&quot;jet_parallax_layout_list&quot;:[]}\">\n\t\t\t\t\t\t<div class=\"elementor-container elementor-column-gap-default\">\n\t\t\t\t\t<div class=\"elementor-column elementor-col-100 elementor-top-column elementor-element elementor-element-fb6618e\" data-id=\"fb6618e\" data-element_type=\"column\">\n\t\t\t<div class=\"elementor-widget-wrap elementor-element-populated\">\n\t\t\t\t\t\t<div class=\"elementor-element elementor-element-ccb3b5a elementor-widget elementor-widget-heading\" data-id=\"ccb3b5a\" data-element_type=\"widget\" data-widget_type=\"heading.default\">\n\t\t\t\t<div class=\"elementor-widget-container\">\n\t\t\t<style>\/*! elementor - v3.23.0 - 05-08-2024 *\/\n.elementor-heading-title{padding:0;margin:0;line-height:1}.elementor-widget-heading .elementor-heading-title[class*=elementor-size-]>a{color:inherit;font-size:inherit;line-height:inherit}.elementor-widget-heading .elementor-heading-title.elementor-size-small{font-size:15px}.elementor-widget-heading .elementor-heading-title.elementor-size-medium{font-size:19px}.elementor-widget-heading .elementor-heading-title.elementor-size-large{font-size:29px}.elementor-widget-heading .elementor-heading-title.elementor-size-xl{font-size:39px}.elementor-widget-heading .elementor-heading-title.elementor-size-xxl{font-size:59px}<\/style><h2 class=\"elementor-heading-title elementor-size-default\">Pol\u00edtica de Cookies<\/h2>\t\t<\/div>\n\t\t\t\t<\/div>\n\t\t\t\t<div class=\"elementor-element elementor-element-226dde2 elementor-widget elementor-widget-heading\" data-id=\"226dde2\" data-element_type=\"widget\" data-widget_type=\"heading.default\">\n\t\t\t\t<div class=\"elementor-widget-container\">\n\t\t\t<h5 class=\"elementor-heading-title elementor-size-default\"><h5 style=\"color:#ffffff;\">INTRODUCCI\u00d3N<\/h5><\/h5>\t\t<\/div>\n\t\t\t\t<\/div>\n\t\t\t\t<div class=\"elementor-element elementor-element-339c712 elementor-widget elementor-widget-text-editor\" data-id=\"339c712\" data-element_type=\"widget\" data-widget_type=\"text-editor.default\">\n\t\t\t\t<div class=\"elementor-widget-container\">\n\t\t\t<style>\/*! elementor - v3.23.0 - 05-08-2024 *\/\n.elementor-widget-text-editor.elementor-drop-cap-view-stacked .elementor-drop-cap{background-color:#69727d;color:#fff}.elementor-widget-text-editor.elementor-drop-cap-view-framed .elementor-drop-cap{color:#69727d;border:3px solid;background-color:transparent}.elementor-widget-text-editor:not(.elementor-drop-cap-view-default) .elementor-drop-cap{margin-top:8px}.elementor-widget-text-editor:not(.elementor-drop-cap-view-default) .elementor-drop-cap-letter{width:1em;height:1em}.elementor-widget-text-editor .elementor-drop-cap{float:left;text-align:center;line-height:1;font-size:50px}.elementor-widget-text-editor .elementor-drop-cap-letter{display:inline-block}<\/style>\t\t\t\t<p style=\"color: #ffffff;\">Hemos creado esta pol\u00edtica de cookies para informarle sobre su existencia y explicar por qu\u00e9 utilizamos cookies en nuestro portal web\u00a0<span style=\"font-weight: bold;\">www.denkss.com<\/span>\u00a0(de aqu\u00ed en adelante, la \u201cp\u00e1gina web\u201d), propiedad de\u00a0<span style=\"font-weight: bold;\">DenkaneStudios S.L (denkss)<\/span>\u00a0con n\u00famero de CIF B63757561 y domicilio en la Calle Mallorca, 214, 5,1. Barcelona \u2013 Espa\u00f1a, y como prueba de nuestro compromiso con su privacidad.<\/p><p style=\"color: #ffffff;\">Al usar nuestra p\u00e1gina web usted acepta el almacenamiento de cookies en su dispositivo y por ende acepta esta pol\u00edtica.<\/p>\t\t\t\t\t\t<\/div>\n\t\t\t\t<\/div>\n\t\t\t\t<div class=\"elementor-element elementor-element-0b89a9e elementor-widget elementor-widget-heading\" data-id=\"0b89a9e\" data-element_type=\"widget\" data-widget_type=\"heading.default\">\n\t\t\t\t<div class=\"elementor-widget-container\">\n\t\t\t<h5 class=\"elementor-heading-title elementor-size-default\"><h5 style=\"color:#ffffff;\">INSTRUCCIONES PARA CONFIGURAR LA INFORMACI\u00d3N SOBRE COOKIES<\/h5><\/h5>\t\t<\/div>\n\t\t\t\t<\/div>\n\t\t\t\t<div class=\"elementor-element elementor-element-4cc3763 elementor-widget elementor-widget-text-editor\" data-id=\"4cc3763\" data-element_type=\"widget\" data-widget_type=\"text-editor.default\">\n\t\t\t\t<div class=\"elementor-widget-container\">\n\t\t\t\t\t\t\t<h6 style=\"color: #ffffff;\"><span style=\"font-weight: bold;\">Cl\u00e1usula informativa de primera capa o ventana emergente<\/span><\/h6><p style=\"color: #ffffff;\">Utilizamos cookies propias y de terceros con la finalidad de analizar la navegaci\u00f3n y el tr\u00e1fico generado a efectos estad\u00edsticos y mostrarle la ubicaci\u00f3n de nuestras oficinas y promociones.<\/p><h6 style=\"color: #ffffff;\"><span style=\"font-weight: bold;\">Cl\u00e1usula informativa de segunda capa. Panel de Configuraci\u00f3n<\/span><\/h6><p style=\"color: #ffffff;\">Le informamos, en cumplimiento de la normativa vigente, que este sitio web utiliza cookies propias y de terceros. Una cookie es un fichero que se descarga en el dispositivo del usuario cuando se accede a la p\u00e1gina web, con la finalidad de almacenar y recuperar informaci\u00f3n sobre la navegaci\u00f3n que se realiza con el dispositivo.<\/p><h6 style=\"color: #ffffff;\"><span style=\"font-weight: bold;\">Cookies t\u00e9cnicas:\u00a0<\/span>Permiten al usuario la navegaci\u00f3n a trav\u00e9s de una p\u00e1gina web, plataforma o aplicaci\u00f3n y la utilizaci\u00f3n de las diferentes opciones o servicios que en ella existan.<\/h6><h6 style=\"color: #ffffff;\"><span style=\"font-weight: bold;\">Cookies de personalizaci\u00f3n:\u00a0<\/span>Permiten al usuario acceder al servicio con algunas caracter\u00edsticas de car\u00e1cter general predefinidas en funci\u00f3n de una serie de criterios en el terminal del usuario como, por ejemplo, el idioma, el tipo de navegador a trav\u00e9s del cual accede al servicio, la configuraci\u00f3n regional desde donde accede al servicio, etc.<\/h6><h6 style=\"color: #ffffff;\"><span style=\"font-weight: bold;\">Cookies de an\u00e1lisis:\u00a0<\/span>Permiten al responsable de estas, el seguimiento y an\u00e1lisis del comportamiento de los usuarios de los sitios web a los que est\u00e1n vinculadas. La informaci\u00f3n recogida mediante este tipo de cookies se utiliza en la medici\u00f3n de la actividad de los sitios web, aplicaci\u00f3n o plataforma y para la elaboraci\u00f3n de perfiles de navegaci\u00f3n de los usuarios de dichos sitios, aplicaciones y plataformas, con el fin de introducir mejoras en funci\u00f3n del an\u00e1lisis de los datos de uso que hacen los usuarios del servicio.<\/h6>\t\t\t\t\t\t<\/div>\n\t\t\t\t<\/div>\n\t\t\t\t<div class=\"elementor-element elementor-element-84af411 elementor-widget elementor-widget-heading\" data-id=\"84af411\" data-element_type=\"widget\" data-widget_type=\"heading.default\">\n\t\t\t\t<div class=\"elementor-widget-container\">\n\t\t\t<h5 class=\"elementor-heading-title elementor-size-default\"><h5 style=\"color:#ffffff;\">TERCEROS<\/h5><\/h5>\t\t<\/div>\n\t\t\t\t<\/div>\n\t\t\t\t<div class=\"elementor-element elementor-element-91daaf9 elementor-widget elementor-widget-text-editor\" data-id=\"91daaf9\" data-element_type=\"widget\" data-widget_type=\"text-editor.default\">\n\t\t\t\t<div class=\"elementor-widget-container\">\n\t\t\t\t\t\t\t<p style=\"color: #ffffff;\"><span style=\"font-family: var( --e-global-typography-text-font-family ), Sans-serif; font-weight: var( --e-global-typography-text-font-weight ); background-color: var( --e-global-color-primary );\">Esta web utiliza servicios de an\u00e1lisis, concretamente, Google Analytics para ayudar al website a analizar el uso que hacen los usuarios del sitio web y mejorar la usabilidad, pero en ning\u00fan caso se asocian a datos que pudieran llegar a identificar al usuario. Google Analytics, es un servicio anal\u00edtico de web prestado por Google, Inc., El usuario puede consultar aqu\u00ed el tipo de cookies utilizadas por Google.<\/span><\/p><p style=\"color: #ffffff;\"><span style=\"font-weight: bold;\">denkss.com<\/span>\u00a0es usuario de la plataforma de suministro y alojamiento de blogs WordPress, propiedad de la empresa norteamericana Automattic, Inc. A tales efectos, los usos de tales cookies por los sistemas nunca est\u00e1n bajo control o gesti\u00f3n del responsable de la web, pueden cambiar su funci\u00f3n en cualquier momento, y entrar cookies nuevas. Estas cookies tampoco reportan al responsable de esta web beneficio alguno. Automattic, Inc., utiliza adem\u00e1s otras cookies con la finalidad de ayudar a identificar y rastrear a los visitantes de los sitios de WordPress, conocer el uso que hacen del sitio web de Automattic, as\u00ed como sus preferencias de acceso al mismo, tal y como se recoge en el apartado \u201cCookies\u201d de su pol\u00edtica de privacidad.<\/p><p style=\"color: #ffffff;\">Acciones de remarketing mediante Google AdWords, que utiliza las cookies para ayudarme a ofrecer anuncios en l\u00ednea espec\u00edfico basado en visitas anteriores a mi sitio web. Google utiliza esta informaci\u00f3n para mostrar anuncios en varios sitios web de terceros a trav\u00e9s de Internet. Estas cookies est\u00e1n a punto de expirar y no contienen informaci\u00f3n que pueda identificarle personalmente. Por favor dir\u00edgete a la publicidad de Google Aviso de privacidad para obtener m\u00e1s informaci\u00f3n.<\/p><p style=\"color: #ffffff;\">Como usuario de Internet, en cualquier momento puede proceder al borrado de la informaci\u00f3n referente a sus h\u00e1bitos de navegaci\u00f3n, y el perfil relacionado que ha generado los referidos h\u00e1bitos, accediendo de forma directa y gratuita a:\u00a0<a style=\"color: #ffe900;\" href=\"https:\/\/www.google.com\/settings\/ads\/preferences?hl=es\">https:\/\/www.google.com\/settings\/ads\/preferences?hl=es<\/a>.\u00a0\u00a0<\/p><h6 style=\"color: #ffffff;\"><span style=\"font-weight: bold;\">Desactivaci\u00f3n de cookies a trav\u00e9s del navegador<\/span><\/h6><p style=\"color: #ffffff;\">Puede usted permitir, bloquear o eliminar las cookies instaladas en su equipo mediante la configuraci\u00f3n de las opciones del navegador instalado en su ordenador. Por favor, lea atentamente la secci\u00f3n de ayuda de su navegador para conocer m\u00e1s acerca de c\u00f3mo activar el \u201cmodo privado\u201d o desbloquear determinadas cookies.<\/p><ul style=\"font-size: 16px; background-color: #272727; color: #ffffff;\"><li style=\"font-size: 16px;\">\u00a0\u00a0Internet Explorer: Puede consultar el\u00a0<a style=\"color: #ffe900;\" href=\"https:\/\/support.microsoft.com\/es-es\/help\/17442\/windows-internet-explorer-delete-manage-cookies\">soporte de Microsoft<\/a>\u00a0o la Ayuda del navegador.<\/li><li style=\"font-size: 16px;\">\u00a0\u00a0Firefox: Puede consultar el\u00a0<a style=\"color: #ffe900;\" href=\"https:\/\/support.mozilla.org\/es\/kb\/habilitar-y-deshabilitar-cookies-sitios-web-rastrear-preferencias\">soporte de Mozilla<\/a>\u00a0o la Ayuda del navegador.<\/li><li style=\"font-size: 16px;\">\u00a0\u00a0Chrome: Puede consultar el\u00a0<a style=\"color: #ffe900;\" href=\"https:\/\/support.google.com\/chrome\/answer\/95647?co=GENIE.Platform%3DDesktop&amp;amp;hl=es\">soporte de Google<\/a>\u00a0o la Ayuda del navegador.<\/li><li style=\"font-size: 16px;\">\u00a0\u00a0Safari: Puede consultar el\u00a0<a style=\"color: #ffe900;\" href=\"https:\/\/support.apple.com\/kb\/PH21411?locale=es_ES\">soporte de Apple<\/a>\u00a0o la Ayuda del navegador.\u00a0<\/li><\/ul><h6 style=\"color: #ffffff;\"><span style=\"font-weight: bold;\"><br \/>Actualizaciones y cambios en la Pol\u00edtica de Cookies.<\/span><\/h6><p style=\"color: #ffffff;\">La variaci\u00f3n de las cookies que aparezcan en esta web puede no estar relacionada con la gesti\u00f3n y su mantenimiento, por lo que se llevan a cabo revisiones peri\u00f3dicas para adecuar la pol\u00edtica de cookies.<\/p><p style=\"color: #ffffff;\">El titular de la web no asume ninguna responsabilidad por problemas legales o t\u00e9cnicos causados por el incumplimiento por parte del\u00a0<span style=\"font-weight: bold;\">usuario<\/span>\u00a0de las recomendaciones incluidas y no se hace responsable del contenido y veracidad de las pol\u00edticas de privacidad de terceros.<\/p><p style=\"color: #ffffff;\">Esta Pol\u00edtica de Cookies podr\u00e1 ser modificada en funci\u00f3n de exigencias legislativas, reglamentarias, o con la finalidad de adaptar dicha pol\u00edtica a las instrucciones dictadas por la Agencia Espa\u00f1ola de Protecci\u00f3n de Datos, por ello se aconseja a los Usuarios que la visiten peri\u00f3dicamente.<\/p><p style=\"color: #ffffff;\">Si tiene dudas sobre esta pol\u00edtica de cookies, puede contactar con nosotros en\u00a0<a style=\"color: #ffe900;\" href=\"mailto:hola@denkss.com\"><span style=\"font-weight: bold;\">hola@denkss.com<\/span><\/a><\/p><p style=\"color: #ffffff;\"><i>\u00daltima actualizaci\u00f3n: 27 de febrero de 2020<\/i><\/p>\t\t\t\t\t\t<\/div>\n\t\t\t\t<\/div>\n\t\t\t\t\t<\/div>\n\t\t<\/div>\n\t\t\t\t\t<\/div>\n\t\t<\/section>\n\t\t\t\t<\/div>\n\t\t","protected":false},"excerpt":{"rendered":"<p>INTRODUCCI\u00d3N Hemos creado esta pol\u00edtica de cookies para informarle sobre su existencia y explicar por qu\u00e9 utilizamos cookies en nuestro portal web\u00a0www.denkss.com\u00a0(de aqu\u00ed en adelante, la \u201cp\u00e1gina web\u201d), propiedad de\u00a0DenkaneStudios S.L (denkss)\u00a0con n\u00famero de CIF B63757561 y domicilio en la Calle Mallorca, 214, 5,1. Barcelona \u2013 Espa\u00f1a, y como prueba de nuestro compromiso con su [&hellip;]<\/p>\n","protected":false},"author":2,"featured_media":0,"parent":0,"menu_order":0,"comment_status":"closed","ping_status":"closed","template":"","meta":{"_acf_changed":false,"footnotes":""},"class_list":["post-2263","page","type-page","status-publish","hentry"],"acf":[],"yoast_head":"<!-- This site is optimized with the Yoast SEO plugin v23.4 - https:\/\/yoast.com\/wordpress\/plugins\/seo\/ -->\n<title>Pol\u00edtica de Cookies - Denkss | Agencia creativa de marketing inmobiliario<\/title>\n<meta name=\"description\" content=\"Pol\u00edtica de cookies | Normativa vigente sobre el tratamiento de datos mediante cookies. Agencia creativa denkss.\" \/>\n<meta name=\"robots\" content=\"index, follow, max-snippet:-1, max-image-preview:large, max-video-preview:-1\" \/>\n<link rel=\"canonical\" href=\"https:\/\/denkss.com\/es\/politica-de-cookies\/\" \/>\n<meta property=\"og:locale\" content=\"es_ES\" \/>\n<meta property=\"og:type\" content=\"article\" \/>\n<meta property=\"og:title\" content=\"Pol\u00edtica de Cookies - Denkss | Agencia creativa de marketing inmobiliario\" \/>\n<meta property=\"og:description\" content=\"Pol\u00edtica de cookies | Normativa vigente sobre el tratamiento de datos mediante cookies. Agencia creativa denkss.\" \/>\n<meta property=\"og:url\" content=\"https:\/\/denkss.com\/es\/politica-de-cookies\/\" \/>\n<meta property=\"og:site_name\" content=\"Denkss\" \/>\n<meta property=\"article:modified_time\" content=\"2024-10-02T08:26:54+00:00\" \/>\n<meta name=\"twitter:card\" content=\"summary_large_image\" \/>\n<meta name=\"twitter:label1\" content=\"Tiempo de lectura\" \/>\n\t<meta name=\"twitter:data1\" content=\"5 minutos\" \/>\n<script type=\"application\/ld+json\" class=\"yoast-schema-graph\">{\"@context\":\"https:\/\/schema.org\",\"@graph\":[{\"@type\":\"WebPage\",\"@id\":\"https:\/\/denkss.com\/es\/politica-de-cookies\/\",\"url\":\"https:\/\/denkss.com\/es\/politica-de-cookies\/\",\"name\":\"Pol\u00edtica de Cookies - Denkss | Agencia creativa de marketing inmobiliario\",\"isPartOf\":{\"@id\":\"https:\/\/denkss.com\/#website\"},\"datePublished\":\"2023-01-17T10:29:58+00:00\",\"dateModified\":\"2024-10-02T08:26:54+00:00\",\"description\":\"Pol\u00edtica de cookies | Normativa vigente sobre el tratamiento de datos mediante cookies. Agencia creativa denkss.\",\"breadcrumb\":{\"@id\":\"https:\/\/denkss.com\/es\/politica-de-cookies\/#breadcrumb\"},\"inLanguage\":\"es\",\"potentialAction\":[{\"@type\":\"ReadAction\",\"target\":[\"https:\/\/denkss.com\/es\/politica-de-cookies\/\"]}]},{\"@type\":\"BreadcrumbList\",\"@id\":\"https:\/\/denkss.com\/es\/politica-de-cookies\/#breadcrumb\",\"itemListElement\":[{\"@type\":\"ListItem\",\"position\":1,\"name\":\"Portada\",\"item\":\"https:\/\/denkss.com\/es\/\"},{\"@type\":\"ListItem\",\"position\":2,\"name\":\"Pol\u00edtica de Cookies\"}]},{\"@type\":\"WebSite\",\"@id\":\"https:\/\/denkss.com\/#website\",\"url\":\"https:\/\/denkss.com\/\",\"name\":\"Denkss\",\"description\":\"Dise\u00f1o y comunicaci\u00f3n para el sector inmobiliario\",\"publisher\":{\"@id\":\"https:\/\/denkss.com\/#organization\"},\"potentialAction\":[{\"@type\":\"SearchAction\",\"target\":{\"@type\":\"EntryPoint\",\"urlTemplate\":\"https:\/\/denkss.com\/?s={search_term_string}\"},\"query-input\":{\"@type\":\"PropertyValueSpecification\",\"valueRequired\":true,\"valueName\":\"search_term_string\"}}],\"inLanguage\":\"es\"},{\"@type\":\"Organization\",\"@id\":\"https:\/\/denkss.com\/#organization\",\"name\":\"Denkss\",\"url\":\"https:\/\/denkss.com\/\",\"logo\":{\"@type\":\"ImageObject\",\"inLanguage\":\"es\",\"@id\":\"https:\/\/denkss.com\/#\/schema\/logo\/image\/\",\"url\":\"https:\/\/denkss.com\/wp-content\/uploads\/2023\/01\/denkss-logo.svg\",\"contentUrl\":\"https:\/\/denkss.com\/wp-content\/uploads\/2023\/01\/denkss-logo.svg\",\"width\":263,\"height\":54,\"caption\":\"Denkss\"},\"image\":{\"@id\":\"https:\/\/denkss.com\/#\/schema\/logo\/image\/\"}}]}<\/script>\n<!-- \/ Yoast SEO plugin. -->","yoast_head_json":{"title":"Pol\u00edtica de Cookies - Denkss | Agencia creativa de marketing inmobiliario","description":"Pol\u00edtica de cookies | Normativa vigente sobre el tratamiento de datos mediante cookies. Agencia creativa denkss.","robots":{"index":"index","follow":"follow","max-snippet":"max-snippet:-1","max-image-preview":"max-image-preview:large","max-video-preview":"max-video-preview:-1"},"canonical":"https:\/\/denkss.com\/es\/politica-de-cookies\/","og_locale":"es_ES","og_type":"article","og_title":"Pol\u00edtica de Cookies - Denkss | Agencia creativa de marketing inmobiliario","og_description":"Pol\u00edtica de cookies | Normativa vigente sobre el tratamiento de datos mediante cookies. Agencia creativa denkss.","og_url":"https:\/\/denkss.com\/es\/politica-de-cookies\/","og_site_name":"Denkss","article_modified_time":"2024-10-02T08:26:54+00:00","twitter_card":"summary_large_image","twitter_misc":{"Tiempo de lectura":"5 minutos"},"schema":{"@context":"https:\/\/schema.org","@graph":[{"@type":"WebPage","@id":"https:\/\/denkss.com\/es\/politica-de-cookies\/","url":"https:\/\/denkss.com\/es\/politica-de-cookies\/","name":"Pol\u00edtica de Cookies - Denkss | Agencia creativa de marketing inmobiliario","isPartOf":{"@id":"https:\/\/denkss.com\/#website"},"datePublished":"2023-01-17T10:29:58+00:00","dateModified":"2024-10-02T08:26:54+00:00","description":"Pol\u00edtica de cookies | Normativa vigente sobre el tratamiento de datos mediante cookies. Agencia creativa denkss.","breadcrumb":{"@id":"https:\/\/denkss.com\/es\/politica-de-cookies\/#breadcrumb"},"inLanguage":"es","potentialAction":[{"@type":"ReadAction","target":["https:\/\/denkss.com\/es\/politica-de-cookies\/"]}]},{"@type":"BreadcrumbList","@id":"https:\/\/denkss.com\/es\/politica-de-cookies\/#breadcrumb","itemListElement":[{"@type":"ListItem","position":1,"name":"Portada","item":"https:\/\/denkss.com\/es\/"},{"@type":"ListItem","position":2,"name":"Pol\u00edtica de Cookies"}]},{"@type":"WebSite","@id":"https:\/\/denkss.com\/#website","url":"https:\/\/denkss.com\/","name":"Denkss","description":"Dise\u00f1o y comunicaci\u00f3n para el sector inmobiliario","publisher":{"@id":"https:\/\/denkss.com\/#organization"},"potentialAction":[{"@type":"SearchAction","target":{"@type":"EntryPoint","urlTemplate":"https:\/\/denkss.com\/?s={search_term_string}"},"query-input":{"@type":"PropertyValueSpecification","valueRequired":true,"valueName":"search_term_string"}}],"inLanguage":"es"},{"@type":"Organization","@id":"https:\/\/denkss.com\/#organization","name":"Denkss","url":"https:\/\/denkss.com\/","logo":{"@type":"ImageObject","inLanguage":"es","@id":"https:\/\/denkss.com\/#\/schema\/logo\/image\/","url":"https:\/\/denkss.com\/wp-content\/uploads\/2023\/01\/denkss-logo.svg","contentUrl":"https:\/\/denkss.com\/wp-content\/uploads\/2023\/01\/denkss-logo.svg","width":263,"height":54,"caption":"Denkss"},"image":{"@id":"https:\/\/denkss.com\/#\/schema\/logo\/image\/"}}]}},"_links":{"self":[{"href":"https:\/\/denkss.com\/es\/wp-json\/wp\/v2\/pages\/2263","targetHints":{"allow":["GET"]}}],"collection":[{"href":"https:\/\/denkss.com\/es\/wp-json\/wp\/v2\/pages"}],"about":[{"href":"https:\/\/denkss.com\/es\/wp-json\/wp\/v2\/types\/page"}],"author":[{"embeddable":true,"href":"https:\/\/denkss.com\/es\/wp-json\/wp\/v2\/users\/2"}],"replies":[{"embeddable":true,"href":"https:\/\/denkss.com\/es\/wp-json\/wp\/v2\/comments?post=2263"}],"version-history":[{"count":16,"href":"https:\/\/denkss.com\/es\/wp-json\/wp\/v2\/pages\/2263\/revisions"}],"predecessor-version":[{"id":3565,"href":"https:\/\/denkss.com\/es\/wp-json\/wp\/v2\/pages\/2263\/revisions\/3565"}],"wp:attachment":[{"href":"https:\/\/denkss.com\/es\/wp-json\/wp\/v2\/media?parent=2263"}],"curies":[{"name":"wp","href":"https:\/\/api.w.org\/{rel}","templated":true}]}}