{"id":2271,"date":"2023-01-17T10:30:13","date_gmt":"2023-01-17T10:30:13","guid":{"rendered":"https:\/\/denkss.com\/privacy-policy\/"},"modified":"2023-03-15T15:00:46","modified_gmt":"2023-03-15T15:00:46","slug":"politica-de-privacidad","status":"publish","type":"page","link":"https:\/\/denkss.com\/es\/politica-de-privacidad\/","title":{"rendered":"Pol\u00edtica de Privacidad"},"content":{"rendered":"\t\t<div data-elementor-type=\"wp-page\" data-elementor-id=\"2271\" class=\"elementor elementor-2271 elementor-111\" data-elementor-post-type=\"page\">\n\t\t\t\t\t\t<section class=\"elementor-section elementor-top-section elementor-element elementor-element-e5563ef elementor-section-boxed elementor-section-height-default elementor-section-height-default\" data-id=\"e5563ef\" data-element_type=\"section\" data-settings=\"{&quot;background_background&quot;:&quot;classic&quot;,&quot;jet_parallax_layout_list&quot;:[]}\">\n\t\t\t\t\t\t<div class=\"elementor-container elementor-column-gap-default\">\n\t\t\t\t\t<div class=\"elementor-column elementor-col-100 elementor-top-column elementor-element elementor-element-09884b7\" data-id=\"09884b7\" data-element_type=\"column\">\n\t\t\t<div class=\"elementor-widget-wrap elementor-element-populated\">\n\t\t\t\t\t\t<div class=\"elementor-element elementor-element-12316bf elementor-widget elementor-widget-heading\" data-id=\"12316bf\" data-element_type=\"widget\" data-widget_type=\"heading.default\">\n\t\t\t\t<div class=\"elementor-widget-container\">\n\t\t\t<style>\/*! elementor - v3.23.0 - 05-08-2024 *\/\n.elementor-heading-title{padding:0;margin:0;line-height:1}.elementor-widget-heading .elementor-heading-title[class*=elementor-size-]>a{color:inherit;font-size:inherit;line-height:inherit}.elementor-widget-heading .elementor-heading-title.elementor-size-small{font-size:15px}.elementor-widget-heading .elementor-heading-title.elementor-size-medium{font-size:19px}.elementor-widget-heading .elementor-heading-title.elementor-size-large{font-size:29px}.elementor-widget-heading .elementor-heading-title.elementor-size-xl{font-size:39px}.elementor-widget-heading .elementor-heading-title.elementor-size-xxl{font-size:59px}<\/style><h2 class=\"elementor-heading-title elementor-size-default\">Pol\u00edtica de Privacidad<\/h2>\t\t<\/div>\n\t\t\t\t<\/div>\n\t\t\t\t<div class=\"elementor-element elementor-element-c8b717a elementor-widget elementor-widget-text-editor\" data-id=\"c8b717a\" data-element_type=\"widget\" data-widget_type=\"text-editor.default\">\n\t\t\t\t<div class=\"elementor-widget-container\">\n\t\t\t<style>\/*! elementor - v3.23.0 - 05-08-2024 *\/\n.elementor-widget-text-editor.elementor-drop-cap-view-stacked .elementor-drop-cap{background-color:#69727d;color:#fff}.elementor-widget-text-editor.elementor-drop-cap-view-framed .elementor-drop-cap{color:#69727d;border:3px solid;background-color:transparent}.elementor-widget-text-editor:not(.elementor-drop-cap-view-default) .elementor-drop-cap{margin-top:8px}.elementor-widget-text-editor:not(.elementor-drop-cap-view-default) .elementor-drop-cap-letter{width:1em;height:1em}.elementor-widget-text-editor .elementor-drop-cap{float:left;text-align:center;line-height:1;font-size:50px}.elementor-widget-text-editor .elementor-drop-cap-letter{display:inline-block}<\/style>\t\t\t\t<p><b>DenkaneStudios S.L (denkss),\u00a0<\/b>en adelante, Denkss, conforme a la legislaci\u00f3n vigente en materia de Protecci\u00f3n de Datos de Car\u00e1cter Personal, pone en conocimiento de los usuarios del sitio web\u00a0<b>www.denkss.com<\/b>\u00a0(en adelante, la P\u00e1gina) la Pol\u00edtica de Privacidad y Protecci\u00f3n de Datos que aplicar\u00e1 en el tratamiento de los datos personales que el Usuario facilite voluntariamente al acceder a su web.<\/p><p>El Usuario, al proporcionar a\u00a0<b>denkss<\/b>\u00a0sus datos de car\u00e1cter personal a trav\u00e9s de los formularios electr\u00f3nicos de la Web, apartado de contacto y, en su caso, a trav\u00e9s de la marcaci\u00f3n de la correspondiente casilla de aceptaci\u00f3n, consiente expresamente que\u00a0<b>denkss<\/b>\u00a0pueda tratar esos datos, en los t\u00e9rminos de esta cl\u00e1usula de Pol\u00edtica de Privacidad y Protecci\u00f3n de Datos y para los fines aqu\u00ed expresados.<\/p><p><b>denkss<\/b>\u00a0pone en conocimiento de los usuarios de la P\u00e1gina, que sus datos de car\u00e1cter personal s\u00f3lo podr\u00e1n obtenerse para su tratamiento cuando sean adecuados, pertinentes y no excesivos en relaci\u00f3n con el \u00e1mbito y las finalidades determinadas, expl\u00edcitas y leg\u00edtimas para las que se hayan obtenido. Ser\u00e1n cancelados cuando hayan dejado de ser necesarios o pertinentes para dicha finalidad o cuando lo solicite el titular en el ejercicio de su derecho de supresi\u00f3n.<\/p><p><b>Denkss<\/b>\u00a0manifiesta su compromiso de cumplir con la legislaci\u00f3n vigente en cada momento en materia de protecci\u00f3n de datos. Los datos personales facilitados ser\u00e1n tratados por\u00a0<b>denkss<\/b>\u00a0y se utilizar\u00e1n de acuerdo con la siguiente informaci\u00f3n.<\/p><p><b>\u00bfQu\u00e9 datos de car\u00e1cter personal recabamos y para qu\u00e9 los utilizamos?<\/b><\/p><p><b>Datos recabados de manera directa:<\/b>\u00a0por la cumplimentaci\u00f3n voluntaria del formulario de contacto o el env\u00edo de correos electr\u00f3nicos.<\/p><p><b>Datos recabados de manera indirecta mediante el uso de cookies:<\/b>\u00a0para estad\u00edsticas, para analizar el uso que se realiza de nuestra P\u00e1gina y facilitar servicios de valor a\u00f1adido como el mapa de ubicaci\u00f3n de nuestras oficinas y promociones.<\/p><p>En la tabla que le mostramos a continuaci\u00f3n encontrar\u00e1 informaci\u00f3n m\u00e1s detallada sobre el tratamiento de sus datos de car\u00e1cter personal, incluy\u00e9ndose los siguientes ep\u00edgrafes:<\/p><ul><li>\u00a0\u00a0Finalidades principales: Se identifica con qu\u00e9 finalidad necesitamos recoger sus datos, es decir, por qu\u00e9 tratamos su informaci\u00f3n.<\/li><li>\u00a0\u00a0Legitimaci\u00f3n: Se detalla el motivo que nos habilita para poder tratar sus datos.<\/li><li>\u00a0\u00a0Plazos de conservaci\u00f3n: Se identifica el plazo concreto de conservaci\u00f3n o los criterios que determinan dicho periodo.<\/li><li>\u00a0\u00a0Destinatarios: Identificamos, en su caso, con qui\u00e9n compartiremos sus datos de forma leg\u00edtima.<\/li><li>\u00a0\u00a0Derechos de los interesados: Le informamos sobre los derechos que le asisten como interesado en el tratamiento de sus datos de car\u00e1cter personal.<\/li><\/ul><p>\u00a0<\/p><p><b>\u00a0INFORMACI\u00d3N SOBRE PROTECCI\u00d3N DE DATOS DE CAR\u00c1CTER PERSONA<\/b><\/p><ul><li>Responsable del tratamiento:\u00a0 DenkaneStudios S.L (denkss)<\/li><li>CIF: B63757561<\/li><li>Domicilio: Calle Mallorca, 214, 5,1. 08008. Barcelona \u2013 Espa\u00f1a<\/li><li>Tel\u00e9fono: +34 936 395 638<\/li><li>Email: hola@denkss.com<\/li><\/ul><p>\u00a0<\/p><p><b>Finalidades\u00a0\u00a0<\/b><b>\u00a0<\/b><\/p><p><b>Formulario Contacto:<\/b>\u00a0atender la solicitud de informaci\u00f3n demandada a trav\u00e9s del formulario de contacto.<\/p><p><b>Cookies<\/b>: proporcionar estad\u00edsticas asociadas al uso de la p\u00e1gina, ubicaci\u00f3n de nuestras oficinas y promociones.<\/p><p><b>Legitimaci\u00f3n y conservaci\u00f3n:<\/b>\u00a0La base para el tratamiento de los datos es el consentimiento prestado por el usuario al marcar la casilla de aceptaci\u00f3n.<\/p><ul><li>Los campos del formulario de contacto marcados con un asterisco (*) tienen la consideraci\u00f3n de campos necesarios para gestionar el objeto de \u00e9ste. De no facilitarlos, no ser\u00e1 posible atender su solicitud.<\/li><\/ul><p>Consulte nuestra pol\u00edtica de cookies para obtener informaci\u00f3n sobre las cookies necesarias para el funcionamiento de la web.<\/p><ul><li>Los datos de contacto se conservar\u00e1n durante el tiempo necesario para atender su consulta y no se solicite su supresi\u00f3n.<\/li><\/ul><p>Consulte nuestra Pol\u00edtica de Cookies para identificar la vigencia de cada cookie.<\/p><p><b>Destinatarios de cesiones y transferencias internacionales:\u00a0<\/b>No se han previsto ceder los datos recabados a trav\u00e9s de nuestra p\u00e1gina web.<\/p><p><b>Derechos de los interesados:<\/b>\u00a0Puede ejercitar sus derechos de acceso, rectificaci\u00f3n, supresi\u00f3n, portabilidad, limitaci\u00f3n u oposici\u00f3n dirigi\u00e9ndose por escrito a la direcci\u00f3n indicada anteriormente.<\/p><p>Los interesados tienen derecho a retirar el consentimiento prestado.<\/p><p>Los interesados tienen derecho a reclamar ante la Autoridad de Control (Agencia Espa\u00f1ola de Protecci\u00f3n de Datos:<a href=\"http:\/\/www.aepd.es\/\">\u00a0www.aepd.es<\/a>).<\/p><p>El usuario ser\u00e1 el \u00fanico responsable de la veracidad de los datos facilitados a\u00a0<b>denkss<\/b>. La empresa adopta las medidas de \u00edndole t\u00e9cnica y organizativa necesarias para garantizar la seguridad de los datos de car\u00e1cter personal contenidos en los mismos y para evitar su alteraci\u00f3n, p\u00e9rdida, tratamiento o acceso no autorizado, habida cuenta del estado de la tecnolog\u00eda, la naturaleza de los datos y los riesgos a los que est\u00e1n expuestos.<\/p><p>Cualquier cambio realizado en la Pol\u00edtica de Privacidad y en las pr\u00e1cticas de administraci\u00f3n de la informaci\u00f3n se reflejar\u00e1 de forma oportuna, pudiendo\u00a0<b>denkss<\/b>\u00a0agregar, modificar o eliminar dicha pol\u00edtica de privacidad cuando lo estime necesario.<\/p><p>En ning\u00fan caso denkss modificar\u00e1 las pol\u00edticas ni pr\u00e1cticas para hacerlas menos eficaces en la protecci\u00f3n de los datos personales de nuestros clientes almacenados anteriormente, sin el consentimiento previo de los clientes afectados.<\/p><p><i>\u00a0\u00daltima actualizaci\u00f3n: 27 de febrero de 2020<\/i><\/p>\t\t\t\t\t\t<\/div>\n\t\t\t\t<\/div>\n\t\t\t\t\t<\/div>\n\t\t<\/div>\n\t\t\t\t\t<\/div>\n\t\t<\/section>\n\t\t\t\t<\/div>\n\t\t","protected":false},"excerpt":{"rendered":"<p>DenkaneStudios S.L (denkss),\u00a0en adelante, Denkss, conforme a la legislaci\u00f3n vigente en materia de Protecci\u00f3n de Datos de Car\u00e1cter Personal, pone en conocimiento de los usuarios del sitio web\u00a0www.denkss.com\u00a0(en adelante, la P\u00e1gina) la Pol\u00edtica de Privacidad y Protecci\u00f3n de Datos que aplicar\u00e1 en el tratamiento de los datos personales que el Usuario facilite voluntariamente al acceder [&hellip;]<\/p>\n","protected":false},"author":2,"featured_media":0,"parent":0,"menu_order":0,"comment_status":"closed","ping_status":"closed","template":"","meta":{"_acf_changed":false,"footnotes":""},"class_list":["post-2271","page","type-page","status-publish","hentry"],"acf":[],"yoast_head":"<!-- This site is optimized with the Yoast SEO plugin v23.4 - https:\/\/yoast.com\/wordpress\/plugins\/seo\/ -->\n<title>Pol\u00edtica de Privacidad - Denkss<\/title>\n<meta name=\"robots\" content=\"index, follow, max-snippet:-1, max-image-preview:large, max-video-preview:-1\" \/>\n<link rel=\"canonical\" href=\"https:\/\/denkss.com\/es\/politica-de-privacidad\/\" \/>\n<meta property=\"og:locale\" content=\"es_ES\" \/>\n<meta property=\"og:type\" content=\"article\" \/>\n<meta property=\"og:title\" content=\"Pol\u00edtica de Privacidad - Denkss\" \/>\n<meta property=\"og:description\" content=\"DenkaneStudios S.L (denkss),\u00a0en adelante, Denkss, conforme a la legislaci\u00f3n vigente en materia de Protecci\u00f3n de Datos de Car\u00e1cter Personal, pone en conocimiento de los usuarios del sitio web\u00a0www.denkss.com\u00a0(en adelante, la P\u00e1gina) la Pol\u00edtica de Privacidad y Protecci\u00f3n de Datos que aplicar\u00e1 en el tratamiento de los datos personales que el Usuario facilite voluntariamente al acceder [&hellip;]\" \/>\n<meta property=\"og:url\" content=\"https:\/\/denkss.com\/es\/politica-de-privacidad\/\" \/>\n<meta property=\"og:site_name\" content=\"Denkss\" \/>\n<meta property=\"article:modified_time\" content=\"2023-03-15T15:00:46+00:00\" \/>\n<meta name=\"twitter:card\" content=\"summary_large_image\" \/>\n<meta name=\"twitter:label1\" content=\"Tiempo de lectura\" \/>\n\t<meta name=\"twitter:data1\" content=\"4 minutos\" \/>\n<script type=\"application\/ld+json\" class=\"yoast-schema-graph\">{\"@context\":\"https:\/\/schema.org\",\"@graph\":[{\"@type\":\"WebPage\",\"@id\":\"https:\/\/denkss.com\/es\/politica-de-privacidad\/\",\"url\":\"https:\/\/denkss.com\/es\/politica-de-privacidad\/\",\"name\":\"Pol\u00edtica de Privacidad - Denkss\",\"isPartOf\":{\"@id\":\"https:\/\/denkss.com\/#website\"},\"datePublished\":\"2023-01-17T10:30:13+00:00\",\"dateModified\":\"2023-03-15T15:00:46+00:00\",\"breadcrumb\":{\"@id\":\"https:\/\/denkss.com\/es\/politica-de-privacidad\/#breadcrumb\"},\"inLanguage\":\"es\",\"potentialAction\":[{\"@type\":\"ReadAction\",\"target\":[\"https:\/\/denkss.com\/es\/politica-de-privacidad\/\"]}]},{\"@type\":\"BreadcrumbList\",\"@id\":\"https:\/\/denkss.com\/es\/politica-de-privacidad\/#breadcrumb\",\"itemListElement\":[{\"@type\":\"ListItem\",\"position\":1,\"name\":\"Portada\",\"item\":\"https:\/\/denkss.com\/es\/\"},{\"@type\":\"ListItem\",\"position\":2,\"name\":\"Pol\u00edtica de Privacidad\"}]},{\"@type\":\"WebSite\",\"@id\":\"https:\/\/denkss.com\/#website\",\"url\":\"https:\/\/denkss.com\/\",\"name\":\"Denkss\",\"description\":\"Dise\u00f1o y comunicaci\u00f3n para el sector inmobiliario\",\"publisher\":{\"@id\":\"https:\/\/denkss.com\/#organization\"},\"potentialAction\":[{\"@type\":\"SearchAction\",\"target\":{\"@type\":\"EntryPoint\",\"urlTemplate\":\"https:\/\/denkss.com\/?s={search_term_string}\"},\"query-input\":{\"@type\":\"PropertyValueSpecification\",\"valueRequired\":true,\"valueName\":\"search_term_string\"}}],\"inLanguage\":\"es\"},{\"@type\":\"Organization\",\"@id\":\"https:\/\/denkss.com\/#organization\",\"name\":\"Denkss\",\"url\":\"https:\/\/denkss.com\/\",\"logo\":{\"@type\":\"ImageObject\",\"inLanguage\":\"es\",\"@id\":\"https:\/\/denkss.com\/#\/schema\/logo\/image\/\",\"url\":\"https:\/\/denkss.com\/wp-content\/uploads\/2023\/01\/denkss-logo.svg\",\"contentUrl\":\"https:\/\/denkss.com\/wp-content\/uploads\/2023\/01\/denkss-logo.svg\",\"width\":263,\"height\":54,\"caption\":\"Denkss\"},\"image\":{\"@id\":\"https:\/\/denkss.com\/#\/schema\/logo\/image\/\"}}]}<\/script>\n<!-- \/ Yoast SEO plugin. -->","yoast_head_json":{"title":"Pol\u00edtica de Privacidad - Denkss","robots":{"index":"index","follow":"follow","max-snippet":"max-snippet:-1","max-image-preview":"max-image-preview:large","max-video-preview":"max-video-preview:-1"},"canonical":"https:\/\/denkss.com\/es\/politica-de-privacidad\/","og_locale":"es_ES","og_type":"article","og_title":"Pol\u00edtica de Privacidad - Denkss","og_description":"DenkaneStudios S.L (denkss),\u00a0en adelante, Denkss, conforme a la legislaci\u00f3n vigente en materia de Protecci\u00f3n de Datos de Car\u00e1cter Personal, pone en conocimiento de los usuarios del sitio web\u00a0www.denkss.com\u00a0(en adelante, la P\u00e1gina) la Pol\u00edtica de Privacidad y Protecci\u00f3n de Datos que aplicar\u00e1 en el tratamiento de los datos personales que el Usuario facilite voluntariamente al acceder [&hellip;]","og_url":"https:\/\/denkss.com\/es\/politica-de-privacidad\/","og_site_name":"Denkss","article_modified_time":"2023-03-15T15:00:46+00:00","twitter_card":"summary_large_image","twitter_misc":{"Tiempo de lectura":"4 minutos"},"schema":{"@context":"https:\/\/schema.org","@graph":[{"@type":"WebPage","@id":"https:\/\/denkss.com\/es\/politica-de-privacidad\/","url":"https:\/\/denkss.com\/es\/politica-de-privacidad\/","name":"Pol\u00edtica de Privacidad - Denkss","isPartOf":{"@id":"https:\/\/denkss.com\/#website"},"datePublished":"2023-01-17T10:30:13+00:00","dateModified":"2023-03-15T15:00:46+00:00","breadcrumb":{"@id":"https:\/\/denkss.com\/es\/politica-de-privacidad\/#breadcrumb"},"inLanguage":"es","potentialAction":[{"@type":"ReadAction","target":["https:\/\/denkss.com\/es\/politica-de-privacidad\/"]}]},{"@type":"BreadcrumbList","@id":"https:\/\/denkss.com\/es\/politica-de-privacidad\/#breadcrumb","itemListElement":[{"@type":"ListItem","position":1,"name":"Portada","item":"https:\/\/denkss.com\/es\/"},{"@type":"ListItem","position":2,"name":"Pol\u00edtica de Privacidad"}]},{"@type":"WebSite","@id":"https:\/\/denkss.com\/#website","url":"https:\/\/denkss.com\/","name":"Denkss","description":"Dise\u00f1o y comunicaci\u00f3n para el sector inmobiliario","publisher":{"@id":"https:\/\/denkss.com\/#organization"},"potentialAction":[{"@type":"SearchAction","target":{"@type":"EntryPoint","urlTemplate":"https:\/\/denkss.com\/?s={search_term_string}"},"query-input":{"@type":"PropertyValueSpecification","valueRequired":true,"valueName":"search_term_string"}}],"inLanguage":"es"},{"@type":"Organization","@id":"https:\/\/denkss.com\/#organization","name":"Denkss","url":"https:\/\/denkss.com\/","logo":{"@type":"ImageObject","inLanguage":"es","@id":"https:\/\/denkss.com\/#\/schema\/logo\/image\/","url":"https:\/\/denkss.com\/wp-content\/uploads\/2023\/01\/denkss-logo.svg","contentUrl":"https:\/\/denkss.com\/wp-content\/uploads\/2023\/01\/denkss-logo.svg","width":263,"height":54,"caption":"Denkss"},"image":{"@id":"https:\/\/denkss.com\/#\/schema\/logo\/image\/"}}]}},"_links":{"self":[{"href":"https:\/\/denkss.com\/es\/wp-json\/wp\/v2\/pages\/2271","targetHints":{"allow":["GET"]}}],"collection":[{"href":"https:\/\/denkss.com\/es\/wp-json\/wp\/v2\/pages"}],"about":[{"href":"https:\/\/denkss.com\/es\/wp-json\/wp\/v2\/types\/page"}],"author":[{"embeddable":true,"href":"https:\/\/denkss.com\/es\/wp-json\/wp\/v2\/users\/2"}],"replies":[{"embeddable":true,"href":"https:\/\/denkss.com\/es\/wp-json\/wp\/v2\/comments?post=2271"}],"version-history":[{"count":5,"href":"https:\/\/denkss.com\/es\/wp-json\/wp\/v2\/pages\/2271\/revisions"}],"predecessor-version":[{"id":2284,"href":"https:\/\/denkss.com\/es\/wp-json\/wp\/v2\/pages\/2271\/revisions\/2284"}],"wp:attachment":[{"href":"https:\/\/denkss.com\/es\/wp-json\/wp\/v2\/media?parent=2271"}],"curies":[{"name":"wp","href":"https:\/\/api.w.org\/{rel}","templated":true}]}}