{"id":2273,"date":"2023-01-17T10:29:42","date_gmt":"2023-01-17T10:29:42","guid":{"rendered":"https:\/\/denkss.com\/legal-notice\/"},"modified":"2024-10-02T08:12:17","modified_gmt":"2024-10-02T08:12:17","slug":"aviso-legal","status":"publish","type":"page","link":"https:\/\/denkss.com\/es\/aviso-legal\/","title":{"rendered":"Aviso Legal"},"content":{"rendered":"\t\t<div data-elementor-type=\"wp-page\" data-elementor-id=\"2273\" class=\"elementor elementor-2273 elementor-107\" data-elementor-post-type=\"page\">\n\t\t\t\t\t\t<section class=\"elementor-section elementor-top-section elementor-element elementor-element-f724c2e elementor-section-boxed elementor-section-height-default elementor-section-height-default\" data-id=\"f724c2e\" data-element_type=\"section\" data-settings=\"{&quot;background_background&quot;:&quot;classic&quot;,&quot;jet_parallax_layout_list&quot;:[]}\">\n\t\t\t\t\t\t<div class=\"elementor-container elementor-column-gap-default\">\n\t\t\t\t\t<div class=\"elementor-column elementor-col-100 elementor-top-column elementor-element elementor-element-7368ffc\" data-id=\"7368ffc\" data-element_type=\"column\">\n\t\t\t<div class=\"elementor-widget-wrap elementor-element-populated\">\n\t\t\t\t\t\t<div class=\"elementor-element elementor-element-8600e40 elementor-widget elementor-widget-heading\" data-id=\"8600e40\" data-element_type=\"widget\" data-widget_type=\"heading.default\">\n\t\t\t\t<div class=\"elementor-widget-container\">\n\t\t\t<style>\/*! elementor - v3.23.0 - 05-08-2024 *\/\n.elementor-heading-title{padding:0;margin:0;line-height:1}.elementor-widget-heading .elementor-heading-title[class*=elementor-size-]>a{color:inherit;font-size:inherit;line-height:inherit}.elementor-widget-heading .elementor-heading-title.elementor-size-small{font-size:15px}.elementor-widget-heading .elementor-heading-title.elementor-size-medium{font-size:19px}.elementor-widget-heading .elementor-heading-title.elementor-size-large{font-size:29px}.elementor-widget-heading .elementor-heading-title.elementor-size-xl{font-size:39px}.elementor-widget-heading .elementor-heading-title.elementor-size-xxl{font-size:59px}<\/style><h2 class=\"elementor-heading-title elementor-size-default\">Aviso Legal<\/h2>\t\t<\/div>\n\t\t\t\t<\/div>\n\t\t\t\t<div class=\"elementor-element elementor-element-80c5b6f elementor-widget elementor-widget-text-editor\" data-id=\"80c5b6f\" data-element_type=\"widget\" data-widget_type=\"text-editor.default\">\n\t\t\t\t<div class=\"elementor-widget-container\">\n\t\t\t<style>\/*! elementor - v3.23.0 - 05-08-2024 *\/\n.elementor-widget-text-editor.elementor-drop-cap-view-stacked .elementor-drop-cap{background-color:#69727d;color:#fff}.elementor-widget-text-editor.elementor-drop-cap-view-framed .elementor-drop-cap{color:#69727d;border:3px solid;background-color:transparent}.elementor-widget-text-editor:not(.elementor-drop-cap-view-default) .elementor-drop-cap{margin-top:8px}.elementor-widget-text-editor:not(.elementor-drop-cap-view-default) .elementor-drop-cap-letter{width:1em;height:1em}.elementor-widget-text-editor .elementor-drop-cap{float:left;text-align:center;line-height:1;font-size:50px}.elementor-widget-text-editor .elementor-drop-cap-letter{display:inline-block}<\/style>\t\t\t\t<p><span style=\"color: #ffffff;\">El presente Aviso Legal regula el uso de la p\u00e1gina www.denkss.com, en adelante el sitio web, propiedad de\u00a0<\/span><span style=\"font-weight: bolder; color: #ffffff;\">DenkaneStudios S.L (denkss),\u00a0<\/span><span style=\"color: #ffffff;\">con n\u00famero de CIF B63757561 y domicilio en la Calle Mallorca, 214, 5,1. Barcelona \u2013 Espa\u00f1a y con Registro Mercantil de Barcelona, al tomo 37317, folio 20, hoja B306992, inscripci\u00f3n 1.<\/span><\/p>\t\t\t\t\t\t<\/div>\n\t\t\t\t<\/div>\n\t\t\t\t<div class=\"elementor-element elementor-element-5b0ac70 elementor-widget elementor-widget-heading\" data-id=\"5b0ac70\" data-element_type=\"widget\" data-widget_type=\"heading.default\">\n\t\t\t\t<div class=\"elementor-widget-container\">\n\t\t\t<h5 class=\"elementor-heading-title elementor-size-default\"><span style=\"color:#ffffff; font-weight: bolder;\">USO DEL SITIO WEB<\/span><\/h5>\t\t<\/div>\n\t\t\t\t<\/div>\n\t\t\t\t<div class=\"elementor-element elementor-element-5faf16f elementor-widget elementor-widget-text-editor\" data-id=\"5faf16f\" data-element_type=\"widget\" data-widget_type=\"text-editor.default\">\n\t\t\t\t<div class=\"elementor-widget-container\">\n\t\t\t\t\t\t\t<p style=\"color: #ffffff;\">El usuario se obliga a no utilizar el sitio web para la realizaci\u00f3n de actividades contrarias a las leyes, a la moral, al orden p\u00fablico y, en general, a hacer un uso conforme a las condiciones establecidas en el presente Aviso Legal.<\/p><p style=\"color: #ffffff;\"><span style=\"font-weight: bolder;\">denkss<\/span>\u00a0act\u00faa exclusivamente como responsable del sitio web en su condici\u00f3n de prestador de un servicio de informaci\u00f3n sobre sus propios servicios, no haci\u00e9ndose responsable de los contenidos que, en contravenci\u00f3n al presente aviso, los usuarios pudieran enviar o publicar, siendo el usuario el \u00fanico responsable de la veracidad y licitud de los mismos.<\/p><p style=\"color: #ffffff;\"><span style=\"font-weight: bolder;\">denkss<\/span>\u00a0podr\u00e1 interrumpir el servicio del sitio web que est\u00e9 siendo utilizado por el usuario y resolver de modo inmediato la relaci\u00f3n con el usuario si detecta un uso de la P\u00e1gina o de cualquiera de los servicios que en el mismo se ofertan que pueda considerar contrario a lo expresado en el presente Aviso Legal.<\/p>\t\t\t\t\t\t<\/div>\n\t\t\t\t<\/div>\n\t\t\t\t<div class=\"elementor-element elementor-element-61648fe elementor-widget elementor-widget-heading\" data-id=\"61648fe\" data-element_type=\"widget\" data-widget_type=\"heading.default\">\n\t\t\t\t<div class=\"elementor-widget-container\">\n\t\t\t<h5 class=\"elementor-heading-title elementor-size-default\"><span style=\"color:#ffffff; font-weight: bolder;\">PROPIEDAD INTELECTUAL E INDUSTRIAL<\/span><\/h5>\t\t<\/div>\n\t\t\t\t<\/div>\n\t\t\t\t<div class=\"elementor-element elementor-element-251939e elementor-widget elementor-widget-text-editor\" data-id=\"251939e\" data-element_type=\"widget\" data-widget_type=\"text-editor.default\">\n\t\t\t\t<div class=\"elementor-widget-container\">\n\t\t\t\t\t\t\t<p style=\"color: #ffffff;\">La totalidad de este sitio web: texto, im\u00e1genes, marcas, gr\u00e1ficos, logotipos, botones, archivos de software, combinaciones de colores, as\u00ed como la estructura, selecci\u00f3n, ordenaci\u00f3n y presentaci\u00f3n de sus contenidos, se encuentra protegida por las leyes sobre Propiedad Intelectual e Industrial, quedando prohibida su reproducci\u00f3n, distribuci\u00f3n, comunicaci\u00f3n p\u00fablica y transformaci\u00f3n, salvo para uso personal y privado.<\/p><p style=\"color: #ffffff;\"><span style=\"font-weight: bold;\">denkss<\/span>\u00a0no garantiza que los contenidos sean precisos o libres de error o que el libre uso de los mismos por el usuario, no infrinja los derechos de terceras partes. El buen o mal uso de esta web y de sus contenidos est\u00e1 bajo la responsabilidad del usuario.<\/p><p style=\"color: #ffffff;\">Asimismo, queda prohibida la reproducci\u00f3n, retransmisi\u00f3n, copia, cesi\u00f3n o redifusi\u00f3n, total o parcial, de la informaci\u00f3n contenida en el sitio web, cualquiera que fuera su finalidad y el medio utilizado para ello, sin autorizaci\u00f3n previa de\u00a0<span style=\"font-weight: bold;\">denkss<\/span>.<\/p>\t\t\t\t\t\t<\/div>\n\t\t\t\t<\/div>\n\t\t\t\t<div class=\"elementor-element elementor-element-4eb82ca elementor-widget elementor-widget-heading\" data-id=\"4eb82ca\" data-element_type=\"widget\" data-widget_type=\"heading.default\">\n\t\t\t\t<div class=\"elementor-widget-container\">\n\t\t\t<h5 class=\"elementor-heading-title elementor-size-default\"><span style=\"color:#ffffff; font-weight: bolder;\">ENLACES O LINKS<\/span><\/h5>\t\t<\/div>\n\t\t\t\t<\/div>\n\t\t\t\t<div class=\"elementor-element elementor-element-c2cce75 elementor-widget elementor-widget-text-editor\" data-id=\"c2cce75\" data-element_type=\"widget\" data-widget_type=\"text-editor.default\">\n\t\t\t\t<div class=\"elementor-widget-container\">\n\t\t\t\t\t\t\t<p style=\"color: #ffffff;\">El sitio web puede incluir enlaces o links a sitios de terceros. Las p\u00e1ginas pertenecientes a terceros no han sido revisadas ni son objeto de controles por parte de\u00a0<span style=\"font-weight: bold;\">denkss<\/span>, que no podr\u00e1 ser considerada responsable de los contenidos de estos sitios web ni de las medidas que se adopten relativas a su privacidad o al tratamiento de sus datos de car\u00e1cter personal.<\/p><p style=\"color: #ffffff;\"><span style=\"font-weight: bold;\">denkss<\/span>\u00a0recomienda la lectura detenida de las condiciones de uso y la pol\u00edtica de privacidad de estos sitios.<\/p><p style=\"color: #ffffff;\">En caso de estar interesado en activar un enlace a alguna de las p\u00e1ginas de\u00a0<span style=\"font-weight: bold;\">denkss<\/span>\u00a0deber\u00e1 comunicarlo, obteniendo el consentimiento expreso para crear el enlace. denkss se reserva el derecho de oposici\u00f3n a la activaci\u00f3n de enlaces con su sitio web.<\/p>\t\t\t\t\t\t<\/div>\n\t\t\t\t<\/div>\n\t\t\t\t<div class=\"elementor-element elementor-element-258560d elementor-widget elementor-widget-heading\" data-id=\"258560d\" data-element_type=\"widget\" data-widget_type=\"heading.default\">\n\t\t\t\t<div class=\"elementor-widget-container\">\n\t\t\t<h5 class=\"elementor-heading-title elementor-size-default\"><span style=\"color:#ffffff; font-weight: bolder;\">MENORES DE EDAD<\/span><\/h5>\t\t<\/div>\n\t\t\t\t<\/div>\n\t\t\t\t<div class=\"elementor-element elementor-element-1d8632d elementor-widget elementor-widget-text-editor\" data-id=\"1d8632d\" data-element_type=\"widget\" data-widget_type=\"text-editor.default\">\n\t\t\t\t<div class=\"elementor-widget-container\">\n\t\t\t\t\t\t\t<p style=\"color: #ffffff;\"><span style=\"font-weight: bold;\">denkss<\/span>\u00a0recuerda a los usuarios mayores de edad, que tengan a su cargo menores, que ser\u00e1 de su exclusiva responsabilidad determinar qu\u00e9 servicios y\/o contenidos son no apropiados para la edad de estos \u00faltimos.<\/p><p style=\"color: #ffffff;\"><span style=\"font-weight: bold;\">denkss<\/span>\u00a0les informa que existen programas inform\u00e1ticos que permiten filtrar y bloquear el acceso a determinados contenidos y servicios, de tal forma que se pueda decidir cu\u00e1les son los contenidos y servicios de Internet a los que los menores pueden tener acceso y a cu\u00e1les no.<\/p>\t\t\t\t\t\t<\/div>\n\t\t\t\t<\/div>\n\t\t\t\t<div class=\"elementor-element elementor-element-8eb3ed7 elementor-widget elementor-widget-heading\" data-id=\"8eb3ed7\" data-element_type=\"widget\" data-widget_type=\"heading.default\">\n\t\t\t\t<div class=\"elementor-widget-container\">\n\t\t\t<h5 class=\"elementor-heading-title elementor-size-default\"><span style=\"color:#ffffff; font-weight: bolder;\">RESPONSABILIDADES<\/span><\/h5>\t\t<\/div>\n\t\t\t\t<\/div>\n\t\t\t\t<div class=\"elementor-element elementor-element-8cc5985 elementor-widget elementor-widget-text-editor\" data-id=\"8cc5985\" data-element_type=\"widget\" data-widget_type=\"text-editor.default\">\n\t\t\t\t<div class=\"elementor-widget-container\">\n\t\t\t\t\t\t\t<p style=\"color: #ffffff;\"><span style=\"font-weight: bold;\">Denkss<\/span>\u00a0no ser\u00e1 responsable directa ni subsidiariamente de:<\/p><ul style=\"font-size: 16px; background-color: #272727; color: #ffffff;\"><li style=\"font-size: 16px;\">\u00a0\u00a0La calidad del servicio, la velocidad de acceso, el correcto funcionamiento ni la disponibilidad ni continuidad de funcionamiento del sitio web.<\/li><li style=\"font-size: 16px;\">\u00a0\u00a0Los da\u00f1os que puedan causarse en los equipos del usuario por la utilizaci\u00f3n del sitio web.<\/li><li style=\"font-size: 16px;\">\u00a0\u00a0Los casos en que un tercero, quebrantando las medidas de seguridad establecidas, acceda a los mensajes o los utilice para la remisi\u00f3n de virus inform\u00e1ticos.<\/li><li style=\"font-size: 16px;\">\u00a0\u00a0Los vicios y defectos de toda clase de los contenidos transmitidos, difundidos, almacenados o puestos a disposici\u00f3n.<\/li><li style=\"font-size: 16px;\">\u00a0\u00a0La licitud, fiabilidad y utilidad de los contenidos que los usuarios transmitan con la utilizaci\u00f3n de la p\u00e1gina o de los servicios en \u00e9l ofertados, as\u00ed como tampoco su veracidad o exactitud.\u00a0<span style=\"font-weight: bold;\">denkss<\/span>\u00a0no controla la utilizaci\u00f3n que los usuarios hacen del sitio web, ni garantiza que lo hagan conforme a lo establecido en el presente Aviso Legal.<\/li><\/ul><p style=\"color: #ffffff;\">A t\u00edtulo enunciativo y con car\u00e1cter no limitativo, el usuario ser\u00e1 responsable de:<\/p><ul style=\"font-size: 16px; background-color: #272727; color: #ffffff;\"><li style=\"font-size: 16px;\">\u00a0\u00a0De los contenidos introducidos por ellos, especialmente de los datos e informaciones introducidos y enviados a\u00a0<span style=\"font-weight: bold;\">denkss<\/span>\u00a0por medio del sitio web.<\/li><li style=\"font-size: 16px;\">\u00a0\u00a0De la realizaci\u00f3n de cualquier tipo de actuaci\u00f3n il\u00edcita, lesiva de derechos, nociva y\/o perjudicial.<\/li><li style=\"font-size: 16px;\">\u00a0\u00a0De la facilitaci\u00f3n de datos no veraces o incorrectos.<\/li><\/ul>\t\t\t\t\t\t<\/div>\n\t\t\t\t<\/div>\n\t\t\t\t<div class=\"elementor-element elementor-element-fb7fcbd elementor-widget elementor-widget-heading\" data-id=\"fb7fcbd\" data-element_type=\"widget\" data-widget_type=\"heading.default\">\n\t\t\t\t<div class=\"elementor-widget-container\">\n\t\t\t<h5 class=\"elementor-heading-title elementor-size-default\"><span style=\"color:#ffffff; font-weight: bolder;\">FUERO<\/span><\/h5>\t\t<\/div>\n\t\t\t\t<\/div>\n\t\t\t\t<div class=\"elementor-element elementor-element-527f32b elementor-widget elementor-widget-text-editor\" data-id=\"527f32b\" data-element_type=\"widget\" data-widget_type=\"text-editor.default\">\n\t\t\t\t<div class=\"elementor-widget-container\">\n\t\t\t\t\t\t\t<p style=\"color: #ffffff;\">El presente Aviso Legal se encuentra redactado en castellano y sometido a la legislaci\u00f3n espa\u00f1ola vigente. Para cualquier tipo de controversia derivada de la utilizaci\u00f3n de los servicios ofrecidos o de los contenidos propios del sitio web, las partes, con la aceptaci\u00f3n del clausulado establecido en el presente Aviso Legal, se someter\u00e1n a los Tribunales y Juzgados competentes de Barcelona.<\/p><p style=\"color: #ffffff;\"><i>\u00daltima actualizaci\u00f3n: 27 de febrero de 2020.<\/i><\/p>\t\t\t\t\t\t<\/div>\n\t\t\t\t<\/div>\n\t\t\t\t\t<\/div>\n\t\t<\/div>\n\t\t\t\t\t<\/div>\n\t\t<\/section>\n\t\t\t\t<\/div>\n\t\t","protected":false},"excerpt":{"rendered":"<p>El presente Aviso Legal regula el uso de la p\u00e1gina www.denkss.com, en adelante el sitio web, propiedad de\u00a0DenkaneStudios S.L (denkss),\u00a0con n\u00famero de CIF B63757561 y domicilio en la Calle Mallorca, 214, 5,1. Barcelona \u2013 Espa\u00f1a y con Registro Mercantil de Barcelona, al tomo 37317, folio 20, hoja B306992, inscripci\u00f3n 1. USO DEL SITIO WEB El [&hellip;]<\/p>\n","protected":false},"author":2,"featured_media":0,"parent":0,"menu_order":0,"comment_status":"closed","ping_status":"closed","template":"","meta":{"_acf_changed":false,"footnotes":""},"class_list":["post-2273","page","type-page","status-publish","hentry"],"acf":[],"yoast_head":"<!-- This site is optimized with the Yoast SEO plugin v23.4 - https:\/\/yoast.com\/wordpress\/plugins\/seo\/ -->\n<title>Aviso Legal - Denkss Agencia creativa de Marketing inmobiliario<\/title>\n<meta name=\"description\" content=\"Aviso Legal | Documentaci\u00f3n legal del tratamiento de datos por parte de denkss, agencia creativa del sector inmobiliario.\" \/>\n<meta name=\"robots\" content=\"index, follow, max-snippet:-1, max-image-preview:large, max-video-preview:-1\" \/>\n<link rel=\"canonical\" href=\"https:\/\/denkss.com\/es\/aviso-legal\/\" \/>\n<meta property=\"og:locale\" content=\"es_ES\" \/>\n<meta property=\"og:type\" content=\"article\" \/>\n<meta property=\"og:title\" content=\"Aviso Legal - Denkss Agencia creativa de Marketing inmobiliario\" \/>\n<meta property=\"og:description\" content=\"Aviso Legal | Documentaci\u00f3n legal del tratamiento de datos por parte de denkss, agencia creativa del sector inmobiliario.\" \/>\n<meta property=\"og:url\" content=\"https:\/\/denkss.com\/es\/aviso-legal\/\" \/>\n<meta property=\"og:site_name\" content=\"Denkss\" \/>\n<meta property=\"article:modified_time\" content=\"2024-10-02T08:12:17+00:00\" \/>\n<meta name=\"twitter:card\" content=\"summary_large_image\" \/>\n<meta name=\"twitter:label1\" content=\"Tiempo de lectura\" \/>\n\t<meta name=\"twitter:data1\" content=\"4 minutos\" \/>\n<script type=\"application\/ld+json\" class=\"yoast-schema-graph\">{\"@context\":\"https:\/\/schema.org\",\"@graph\":[{\"@type\":\"WebPage\",\"@id\":\"https:\/\/denkss.com\/es\/aviso-legal\/\",\"url\":\"https:\/\/denkss.com\/es\/aviso-legal\/\",\"name\":\"Aviso Legal - Denkss Agencia creativa de Marketing inmobiliario\",\"isPartOf\":{\"@id\":\"https:\/\/denkss.com\/#website\"},\"datePublished\":\"2023-01-17T10:29:42+00:00\",\"dateModified\":\"2024-10-02T08:12:17+00:00\",\"description\":\"Aviso Legal | Documentaci\u00f3n legal del tratamiento de datos por parte de denkss, agencia creativa del sector inmobiliario.\",\"breadcrumb\":{\"@id\":\"https:\/\/denkss.com\/es\/aviso-legal\/#breadcrumb\"},\"inLanguage\":\"es\",\"potentialAction\":[{\"@type\":\"ReadAction\",\"target\":[\"https:\/\/denkss.com\/es\/aviso-legal\/\"]}]},{\"@type\":\"BreadcrumbList\",\"@id\":\"https:\/\/denkss.com\/es\/aviso-legal\/#breadcrumb\",\"itemListElement\":[{\"@type\":\"ListItem\",\"position\":1,\"name\":\"Portada\",\"item\":\"https:\/\/denkss.com\/es\/\"},{\"@type\":\"ListItem\",\"position\":2,\"name\":\"Aviso Legal\"}]},{\"@type\":\"WebSite\",\"@id\":\"https:\/\/denkss.com\/#website\",\"url\":\"https:\/\/denkss.com\/\",\"name\":\"Denkss\",\"description\":\"Dise\u00f1o y comunicaci\u00f3n para el sector inmobiliario\",\"publisher\":{\"@id\":\"https:\/\/denkss.com\/#organization\"},\"potentialAction\":[{\"@type\":\"SearchAction\",\"target\":{\"@type\":\"EntryPoint\",\"urlTemplate\":\"https:\/\/denkss.com\/?s={search_term_string}\"},\"query-input\":{\"@type\":\"PropertyValueSpecification\",\"valueRequired\":true,\"valueName\":\"search_term_string\"}}],\"inLanguage\":\"es\"},{\"@type\":\"Organization\",\"@id\":\"https:\/\/denkss.com\/#organization\",\"name\":\"Denkss\",\"url\":\"https:\/\/denkss.com\/\",\"logo\":{\"@type\":\"ImageObject\",\"inLanguage\":\"es\",\"@id\":\"https:\/\/denkss.com\/#\/schema\/logo\/image\/\",\"url\":\"https:\/\/denkss.com\/wp-content\/uploads\/2023\/01\/denkss-logo.svg\",\"contentUrl\":\"https:\/\/denkss.com\/wp-content\/uploads\/2023\/01\/denkss-logo.svg\",\"width\":263,\"height\":54,\"caption\":\"Denkss\"},\"image\":{\"@id\":\"https:\/\/denkss.com\/#\/schema\/logo\/image\/\"}}]}<\/script>\n<!-- \/ Yoast SEO plugin. -->","yoast_head_json":{"title":"Aviso Legal - Denkss Agencia creativa de Marketing inmobiliario","description":"Aviso Legal | Documentaci\u00f3n legal del tratamiento de datos por parte de denkss, agencia creativa del sector inmobiliario.","robots":{"index":"index","follow":"follow","max-snippet":"max-snippet:-1","max-image-preview":"max-image-preview:large","max-video-preview":"max-video-preview:-1"},"canonical":"https:\/\/denkss.com\/es\/aviso-legal\/","og_locale":"es_ES","og_type":"article","og_title":"Aviso Legal - Denkss Agencia creativa de Marketing inmobiliario","og_description":"Aviso Legal | Documentaci\u00f3n legal del tratamiento de datos por parte de denkss, agencia creativa del sector inmobiliario.","og_url":"https:\/\/denkss.com\/es\/aviso-legal\/","og_site_name":"Denkss","article_modified_time":"2024-10-02T08:12:17+00:00","twitter_card":"summary_large_image","twitter_misc":{"Tiempo de lectura":"4 minutos"},"schema":{"@context":"https:\/\/schema.org","@graph":[{"@type":"WebPage","@id":"https:\/\/denkss.com\/es\/aviso-legal\/","url":"https:\/\/denkss.com\/es\/aviso-legal\/","name":"Aviso Legal - Denkss Agencia creativa de Marketing inmobiliario","isPartOf":{"@id":"https:\/\/denkss.com\/#website"},"datePublished":"2023-01-17T10:29:42+00:00","dateModified":"2024-10-02T08:12:17+00:00","description":"Aviso Legal | Documentaci\u00f3n legal del tratamiento de datos por parte de denkss, agencia creativa del sector inmobiliario.","breadcrumb":{"@id":"https:\/\/denkss.com\/es\/aviso-legal\/#breadcrumb"},"inLanguage":"es","potentialAction":[{"@type":"ReadAction","target":["https:\/\/denkss.com\/es\/aviso-legal\/"]}]},{"@type":"BreadcrumbList","@id":"https:\/\/denkss.com\/es\/aviso-legal\/#breadcrumb","itemListElement":[{"@type":"ListItem","position":1,"name":"Portada","item":"https:\/\/denkss.com\/es\/"},{"@type":"ListItem","position":2,"name":"Aviso Legal"}]},{"@type":"WebSite","@id":"https:\/\/denkss.com\/#website","url":"https:\/\/denkss.com\/","name":"Denkss","description":"Dise\u00f1o y comunicaci\u00f3n para el sector inmobiliario","publisher":{"@id":"https:\/\/denkss.com\/#organization"},"potentialAction":[{"@type":"SearchAction","target":{"@type":"EntryPoint","urlTemplate":"https:\/\/denkss.com\/?s={search_term_string}"},"query-input":{"@type":"PropertyValueSpecification","valueRequired":true,"valueName":"search_term_string"}}],"inLanguage":"es"},{"@type":"Organization","@id":"https:\/\/denkss.com\/#organization","name":"Denkss","url":"https:\/\/denkss.com\/","logo":{"@type":"ImageObject","inLanguage":"es","@id":"https:\/\/denkss.com\/#\/schema\/logo\/image\/","url":"https:\/\/denkss.com\/wp-content\/uploads\/2023\/01\/denkss-logo.svg","contentUrl":"https:\/\/denkss.com\/wp-content\/uploads\/2023\/01\/denkss-logo.svg","width":263,"height":54,"caption":"Denkss"},"image":{"@id":"https:\/\/denkss.com\/#\/schema\/logo\/image\/"}}]}},"_links":{"self":[{"href":"https:\/\/denkss.com\/es\/wp-json\/wp\/v2\/pages\/2273","targetHints":{"allow":["GET"]}}],"collection":[{"href":"https:\/\/denkss.com\/es\/wp-json\/wp\/v2\/pages"}],"about":[{"href":"https:\/\/denkss.com\/es\/wp-json\/wp\/v2\/types\/page"}],"author":[{"embeddable":true,"href":"https:\/\/denkss.com\/es\/wp-json\/wp\/v2\/users\/2"}],"replies":[{"embeddable":true,"href":"https:\/\/denkss.com\/es\/wp-json\/wp\/v2\/comments?post=2273"}],"version-history":[{"count":16,"href":"https:\/\/denkss.com\/es\/wp-json\/wp\/v2\/pages\/2273\/revisions"}],"predecessor-version":[{"id":3553,"href":"https:\/\/denkss.com\/es\/wp-json\/wp\/v2\/pages\/2273\/revisions\/3553"}],"wp:attachment":[{"href":"https:\/\/denkss.com\/es\/wp-json\/wp\/v2\/media?parent=2273"}],"curies":[{"name":"wp","href":"https:\/\/api.w.org\/{rel}","templated":true}]}}